{"id":27,"date":"2023-02-16T07:42:49","date_gmt":"2023-02-16T06:42:49","guid":{"rendered":"https:\/\/www.emago.si\/?page_id=27"},"modified":"2023-04-19T17:14:15","modified_gmt":"2023-04-19T15:14:15","slug":"za-potrebe-jasli","status":"publish","type":"page","link":"https:\/\/www.emago.si\/index.php\/aurednik\/za-potrebe-jasli\/","title":{"rendered":"Za potrebe jasli"},"content":{"rendered":"\n\n\t<strong>&#8220;\u010cutila so razvita \u017ee pred<\/strong><br \/>\n<strong>otrokovim rojstvom.&#8221;<\/strong>\n<blockquote><p><strong>Po rojstvu se z vajami in izku\u0161njami razvije skupno delovanje med posameznimi \u010dutili.<\/strong><\/p><\/blockquote>\n<p>.<\/p>\n<p>Zato je va\u017eno, da pri opremljanju bivalnih prostorov jasli, <strong>s pazljivo izbiro izdelkov<\/strong> otrokom nudimo mo\u017enost starosti primernih iger in ugodno po\u010dutje izven dru\u017einskega okolja.<\/p>\n<p><a href=\"https:\/\/www.emago.si\/index.php\/aurednik\/katalog-aurednik\/\"><img decoding=\"async\" loading=\"lazy\" src=\"https:\/\/www.emago.si\/wp-content\/uploads\/2023\/02\/emago-2023-001-300x237.png\" alt=\"\" width=\"170\" height=\"134\" \/><\/a>Na straneh na\u0161ega kataloga &#8221; za potrebe jasli &#8221; vam nudimo obse\u017een sortiment materialov in dodatkov za opremo jasli.<\/p>\n<p><strong>Pohi\u0161tvo,<\/strong> ki ga nudimo je <strong>prirejeno za otroke do 3 let starosti<\/strong>, ter izdelano po najnovej\u0161ih standardih in normativih.<\/p>\n<p>Otrokom primerni <strong>produkti najvi\u0161je kakovosti<\/strong>, seveda za nas niso samoumevni le na podro\u010dju najmlaj\u0161ih.<\/p>\n<p><strong>Oprema in pohi\u0161tvo za jasli<\/strong><\/p>\n<p>Igralni koti\u010dki, komode, podesti, previjalne mize, oprema kopalnic z pripomo\u010dki, posteljice, mize, stoli&#8230;<\/p>\n<p><strong>Igra\u010de za dojen\u010dke<\/strong><\/p>\n<p>Kocke, didakti\u010dne igra\u010de, stenske igre&#8230;<\/p>\n<p><strong>Posteljnina<\/strong><\/p>\n<p>Vzglavniki in odeje z prevlekami, kompleti za otro\u0161ke posteljice in \u0161e kaj.<\/p>\n<p><strong>Talne blazine<\/strong><\/p>\n<p>Za igro in po\u010ditek.<\/p>\n<p><strong>Za\u0161\u010ditna sredstva<\/strong><\/p>\n<p>Za prepre\u010devanje nezgod v vrtcu ali v doma\u010dem gospodinjstvu: za\u0161\u010dita za \u0161tedilnik, predale omar, stopni\u0161\u010da, vti\u010dnice&#8230;<\/p>\n<p><strong>Pripomo\u010dki<\/strong><\/p>\n<p>Za nego in hranjenje.<\/p>\n<p><strong>Vozi\u010dki<\/strong><\/p>\n<p>Vozi\u010dki za vo\u017enjo ve\u010dih otrok, vozi\u010dki za igro&#8230;<\/p>\n<hr \/>\n\n","protected":false},"excerpt":{"rendered":"<p>&#8220;\u010cutila so razvita \u017ee pred otrokovim rojstvom.&#8221; Po rojstvu se z vajami in izku\u0161njami razvije skupno delovanje med posameznimi \u010dutili. . Zato je va\u017eno, da pri opremljanju bivalnih prostorov jasli, s pazljivo izbiro izdelkov otrokom nudimo mo\u017enost starosti primernih iger in ugodno po\u010dutje izven dru\u017einskega okolja. Na straneh na\u0161ega kataloga &#8221; za potrebe jasli &#8221; vam nudimo obse\u017een sortiment materialov [&hellip;]<\/p>\n","protected":false},"author":1,"featured_media":0,"parent":20,"menu_order":0,"comment_status":"closed","ping_status":"closed","template":"","meta":{"ngg_post_thumbnail":0},"_links":{"self":[{"href":"https:\/\/www.emago.si\/index.php\/wp-json\/wp\/v2\/pages\/27"}],"collection":[{"href":"https:\/\/www.emago.si\/index.php\/wp-json\/wp\/v2\/pages"}],"about":[{"href":"https:\/\/www.emago.si\/index.php\/wp-json\/wp\/v2\/types\/page"}],"author":[{"embeddable":true,"href":"https:\/\/www.emago.si\/index.php\/wp-json\/wp\/v2\/users\/1"}],"replies":[{"embeddable":true,"href":"https:\/\/www.emago.si\/index.php\/wp-json\/wp\/v2\/comments?post=27"}],"version-history":[{"count":8,"href":"https:\/\/www.emago.si\/index.php\/wp-json\/wp\/v2\/pages\/27\/revisions"}],"predecessor-version":[{"id":1617,"href":"https:\/\/www.emago.si\/index.php\/wp-json\/wp\/v2\/pages\/27\/revisions\/1617"}],"up":[{"embeddable":true,"href":"https:\/\/www.emago.si\/index.php\/wp-json\/wp\/v2\/pages\/20"}],"wp:attachment":[{"href":"https:\/\/www.emago.si\/index.php\/wp-json\/wp\/v2\/media?parent=27"}],"curies":[{"name":"wp","href":"https:\/\/api.w.org\/{rel}","templated":true}]}}