{"id":260,"date":"2023-02-16T15:29:25","date_gmt":"2023-02-16T14:29:25","guid":{"rendered":"https:\/\/www.emago.si\/?page_id=260"},"modified":"2023-04-19T17:25:12","modified_gmt":"2023-04-19T15:25:12","slug":"skupinske-igre","status":"publish","type":"page","link":"https:\/\/www.emago.si\/index.php\/aurednik\/skupinske-igre\/","title":{"rendered":"Skupinske igre"},"content":{"rendered":"\n\n\t<h2>Igra v skupini je v vrtcu zelo priljubljena.<\/h2>\n<p>Otroci si poi\u0161\u010dejo tematike, s katerimi imajo obilico zaposlitve in podo\u017eivljajo njihova do\u017eivetja, izku\u0161nje in vtise, s tem ko prevzamejo vlogo, s katero se lahko najbolj ena\u010dijo.<\/p>\n<blockquote><p>Do\u017eivljaji iz vsakdanjika, sveta odraslih, slikanke, zgodbe in televizijske serije so igrivo podo\u017eivete.<\/p><\/blockquote>\n<p>&nbsp;<\/p>\n<p>Z igro v skupini se razvija fantazija, mo\u010d predstavitve, govor in socialno obna\u0161anje.<\/p>\n<h2>Med igro si pridobijo otroci na nekatere stvari nove poglede<\/h2>\n<p>Lahko tudi iz\u017eivijo lastne \u017eelje in sanje, poka\u017eejo kaj \u010dutijo in se nau\u010dijo, kako je mogo\u010de to vse primerno izraziti.<\/p>\n<p><strong>Igre za skupine<\/strong><\/p>\n<p>Gradovi z vitezi, \u017eeleznice z vlakci, kuhinje z posodo in priborom, hi\u0161ice za pun\u010dke, parkirne hi\u0161e z avtomobil\u010dki, ro\u010dne lutke, Fagus vozila, prodajalne z priborom in blagajno, vse za igro na kmetiji, svet \u017eivali, obla\u010dila za igro in \u0161e in \u0161e&#8230;<\/p>\n\n","protected":false},"excerpt":{"rendered":"<p>Igra v skupini je v vrtcu zelo priljubljena. Otroci si poi\u0161\u010dejo tematike, s katerimi imajo obilico zaposlitve in podo\u017eivljajo njihova do\u017eivetja, izku\u0161nje in vtise, s tem ko prevzamejo vlogo, s katero se lahko najbolj ena\u010dijo. Do\u017eivljaji iz vsakdanjika, sveta odraslih, slikanke, zgodbe in televizijske serije so igrivo podo\u017eivete. &nbsp; Z igro v skupini se razvija fantazija, mo\u010d predstavitve, govor in [&hellip;]<\/p>\n","protected":false},"author":1,"featured_media":0,"parent":20,"menu_order":0,"comment_status":"closed","ping_status":"closed","template":"","meta":{"ngg_post_thumbnail":0},"_links":{"self":[{"href":"https:\/\/www.emago.si\/index.php\/wp-json\/wp\/v2\/pages\/260"}],"collection":[{"href":"https:\/\/www.emago.si\/index.php\/wp-json\/wp\/v2\/pages"}],"about":[{"href":"https:\/\/www.emago.si\/index.php\/wp-json\/wp\/v2\/types\/page"}],"author":[{"embeddable":true,"href":"https:\/\/www.emago.si\/index.php\/wp-json\/wp\/v2\/users\/1"}],"replies":[{"embeddable":true,"href":"https:\/\/www.emago.si\/index.php\/wp-json\/wp\/v2\/comments?post=260"}],"version-history":[{"count":7,"href":"https:\/\/www.emago.si\/index.php\/wp-json\/wp\/v2\/pages\/260\/revisions"}],"predecessor-version":[{"id":1629,"href":"https:\/\/www.emago.si\/index.php\/wp-json\/wp\/v2\/pages\/260\/revisions\/1629"}],"up":[{"embeddable":true,"href":"https:\/\/www.emago.si\/index.php\/wp-json\/wp\/v2\/pages\/20"}],"wp:attachment":[{"href":"https:\/\/www.emago.si\/index.php\/wp-json\/wp\/v2\/media?parent=260"}],"curies":[{"name":"wp","href":"https:\/\/api.w.org\/{rel}","templated":true}]}}