{"id":255,"date":"2023-02-16T15:27:49","date_gmt":"2023-02-16T14:27:49","guid":{"rendered":"https:\/\/www.emago.si\/?page_id=255"},"modified":"2023-04-19T17:24:39","modified_gmt":"2023-04-19T15:24:39","slug":"glasbila","status":"publish","type":"page","link":"https:\/\/www.emago.si\/index.php\/aurednik\/glasbila\/","title":{"rendered":"Glasbila"},"content":{"rendered":"\n\n\t<h2>Glasba pomeni veselje in sprostitev.<\/h2>\n<p>Z glasbo lahko <strong>izra\u017eamo<\/strong> na\u0161a ob\u010dutenja in \u010dustva in ravno otroci so tisti, ki imajo naraven pristop do glasbe in se pustijo hitro navdu\u0161iti.<\/p>\n<p><strong>Glasba lahko otroke pomiri ali jim nudi \u010dudovito mo\u017enost se iz\u017eiveti.<\/strong><\/p>\n<blockquote><p>Pri muziciranju se razvija kreativnost, fantazija, koncentracija, fina motorika, senzibilizira se sluh.<\/p><\/blockquote>\n<p>&nbsp;<\/p>\n<p><strong>Odkrijte skupaj z otroki svet glasbe<\/strong>, kajti glasba je jezik, ki ne potrebuje prevajalca in nudi neskon\u010dne mo\u017enosti.<\/p>\n<p><img decoding=\"async\" loading=\"lazy\" src=\"https:\/\/www.emago.si\/wp-content\/uploads\/2023\/02\/emago-2023-023.jpg\" alt=\"\" width=\"1148\" height=\"580\" \/><\/p>\n<p><strong>Glasbeni instrumenti in pripomo\u010dki<\/strong><\/p>\n<p>Tudi za otroke <strong>do 3 let<\/strong> starosti.<\/p>\n<p><strong>Seti za ritmiko<\/strong><\/p>\n<p>Razli\u010dni kvalitetni <strong>instrumenti v setu<\/strong>&#8211; za minimalno 25 otrok.<\/p>\n<p><strong>Instrumenti iz vseh koncev sveta<\/strong><\/p>\n<hr \/>\n\n","protected":false},"excerpt":{"rendered":"<p>Glasba pomeni veselje in sprostitev. Z glasbo lahko izra\u017eamo na\u0161a ob\u010dutenja in \u010dustva in ravno otroci so tisti, ki imajo naraven pristop do glasbe in se pustijo hitro navdu\u0161iti. Glasba lahko otroke pomiri ali jim nudi \u010dudovito mo\u017enost se iz\u017eiveti. Pri muziciranju se razvija kreativnost, fantazija, koncentracija, fina motorika, senzibilizira se sluh. &nbsp; Odkrijte skupaj z otroki svet glasbe, kajti [&hellip;]<\/p>\n","protected":false},"author":1,"featured_media":0,"parent":20,"menu_order":0,"comment_status":"closed","ping_status":"closed","template":"","meta":{"ngg_post_thumbnail":0},"_links":{"self":[{"href":"https:\/\/www.emago.si\/index.php\/wp-json\/wp\/v2\/pages\/255"}],"collection":[{"href":"https:\/\/www.emago.si\/index.php\/wp-json\/wp\/v2\/pages"}],"about":[{"href":"https:\/\/www.emago.si\/index.php\/wp-json\/wp\/v2\/types\/page"}],"author":[{"embeddable":true,"href":"https:\/\/www.emago.si\/index.php\/wp-json\/wp\/v2\/users\/1"}],"replies":[{"embeddable":true,"href":"https:\/\/www.emago.si\/index.php\/wp-json\/wp\/v2\/comments?post=255"}],"version-history":[{"count":4,"href":"https:\/\/www.emago.si\/index.php\/wp-json\/wp\/v2\/pages\/255\/revisions"}],"predecessor-version":[{"id":1628,"href":"https:\/\/www.emago.si\/index.php\/wp-json\/wp\/v2\/pages\/255\/revisions\/1628"}],"up":[{"embeddable":true,"href":"https:\/\/www.emago.si\/index.php\/wp-json\/wp\/v2\/pages\/20"}],"wp:attachment":[{"href":"https:\/\/www.emago.si\/index.php\/wp-json\/wp\/v2\/media?parent=255"}],"curies":[{"name":"wp","href":"https:\/\/api.w.org\/{rel}","templated":true}]}}