{"id":244,"date":"2023-02-16T15:22:53","date_gmt":"2023-02-16T14:22:53","guid":{"rendered":"https:\/\/www.emago.si\/?page_id=244"},"modified":"2023-04-19T17:22:09","modified_gmt":"2023-04-19T15:22:09","slug":"didakticne-igre","status":"publish","type":"page","link":"https:\/\/www.emago.si\/index.php\/aurednik\/didakticne-igre\/","title":{"rendered":"Didakti\u010dne igre"},"content":{"rendered":"\n\n\t<p>Vsekakor je vsaka igra, vsak material, vsak delovni pripomo\u010dek, ja celo vsaka vsakdanja stvar ( tudi vro\u010da \u0161tedilnikova plo\u0161\u010da ) <strong>didakti\u010dni material, saj se otrok u\u010di ob vsakem soo\u010danju s posamezno stvarjo.<\/strong><\/p>\n<blockquote><p><strong>\u017de Konfucius je rekel:<\/strong><\/p>\n<p>&nbsp;<\/p>\n<ul>\n<li>dalje2 kar mi re\u010de\u0161, bom pozabil<\/li>\n<li>dalje2 kar mi poka\u017ee\u0161, na to se bom spomnil<\/li>\n<li>dalje2 kar me bo\u0161 pustil storiti, to bom razumel<\/li>\n<\/ul>\n<\/blockquote>\n<p>&nbsp;<\/p>\n<p><strong>Tako spoznamo, da stvari, ki jih ob\u010dutimo z ve\u010d \u010dutili tudi bolj\u0161e in enostavneje razumemo<\/strong><\/p>\n<p><strong><img decoding=\"async\" loading=\"lazy\" src=\"https:\/\/www.emago.si\/wp-content\/uploads\/2023\/02\/emago-2023-017-300x296.jpg\" alt=\"\" width=\"402\" height=\"397\" \/><\/strong><\/p>\n<p>&nbsp;<\/p>\n<p><strong>Na didakti\u010dnem podro\u010dju<\/strong> vam nudimo igre, ideje in priporo\u010dila, ki imajo na posameznih u\u010dnih podro\u010djih posebno visok u\u010dni efekt.<\/p>\n<h2>Didakti\u010dne igre in pripomo\u010dki<\/h2>\n<p>Skrbno izbrani artikli za podpiranje razvoja grobe in fine motorike, ravnote\u017eja, tipa, okusa, vonja, sluha, vida, logi\u010dnega razmi\u0161ljanja, eksperimenti, igre z magnetki, spoznavanje \u010drk, \u0161tevilk, pripomo\u010dki za branje, pripomo\u010dki za spoznanje angle\u0161kega jezika, opti\u010dni eksperimenti, prostorsko dojemanje, emocionalno dojemanje, ro\u010dne spretnosti, re\u0161evanje problemov, izpolnitev nalog, ustna motorika, geometrija, spoznavanje Evrope in kontinentov, \u017eivalski svet, zdravje in prva pomo\u010d&#8230;<\/p>\n\n","protected":false},"excerpt":{"rendered":"<p>Vsekakor je vsaka igra, vsak material, vsak delovni pripomo\u010dek, ja celo vsaka vsakdanja stvar ( tudi vro\u010da \u0161tedilnikova plo\u0161\u010da ) didakti\u010dni material, saj se otrok u\u010di ob vsakem soo\u010danju s posamezno stvarjo. \u017de Konfucius je rekel: &nbsp; dalje2 kar mi re\u010de\u0161, bom pozabil dalje2 kar mi poka\u017ee\u0161, na to se bom spomnil dalje2 kar me bo\u0161 pustil storiti, to bom [&hellip;]<\/p>\n","protected":false},"author":1,"featured_media":0,"parent":20,"menu_order":0,"comment_status":"closed","ping_status":"closed","template":"","meta":{"ngg_post_thumbnail":0},"_links":{"self":[{"href":"https:\/\/www.emago.si\/index.php\/wp-json\/wp\/v2\/pages\/244"}],"collection":[{"href":"https:\/\/www.emago.si\/index.php\/wp-json\/wp\/v2\/pages"}],"about":[{"href":"https:\/\/www.emago.si\/index.php\/wp-json\/wp\/v2\/types\/page"}],"author":[{"embeddable":true,"href":"https:\/\/www.emago.si\/index.php\/wp-json\/wp\/v2\/users\/1"}],"replies":[{"embeddable":true,"href":"https:\/\/www.emago.si\/index.php\/wp-json\/wp\/v2\/comments?post=244"}],"version-history":[{"count":6,"href":"https:\/\/www.emago.si\/index.php\/wp-json\/wp\/v2\/pages\/244\/revisions"}],"predecessor-version":[{"id":1625,"href":"https:\/\/www.emago.si\/index.php\/wp-json\/wp\/v2\/pages\/244\/revisions\/1625"}],"up":[{"embeddable":true,"href":"https:\/\/www.emago.si\/index.php\/wp-json\/wp\/v2\/pages\/20"}],"wp:attachment":[{"href":"https:\/\/www.emago.si\/index.php\/wp-json\/wp\/v2\/media?parent=244"}],"curies":[{"name":"wp","href":"https:\/\/api.w.org\/{rel}","templated":true}]}}