{"id":178,"date":"2023-02-16T12:19:42","date_gmt":"2023-02-16T11:19:42","guid":{"rendered":"https:\/\/www.emago.si\/?page_id=178"},"modified":"2023-04-19T17:17:02","modified_gmt":"2023-04-19T15:17:02","slug":"oblazinjeno-pohistvo","status":"publish","type":"page","link":"https:\/\/www.emago.si\/index.php\/aurednik\/oblazinjeno-pohistvo\/","title":{"rendered":"Oblazinjeno pohi\u0161tvo"},"content":{"rendered":"\n\n\t<blockquote>\n<p>Z razli\u010dnimi stili oblazinjenega pohi\u0161tva boste polep\u0161ali va\u0161e bivalne prostore in pri\u010darali \u010dudovite koti\u010dke za sanjarjenje in po\u010ditek.<\/p>\n<\/blockquote>\n<p>&nbsp;<\/p>\n<p>Prevleke oblazinjenega pohi\u0161tva so iz razli\u010dnih materialov<\/p>\n1. <strong>Bomba\u017ene tkanine<\/strong><br \/>\n( obstojna vlakna, brez vsebnosti \u0161kodljivih snovi, pralna )\n2. <strong>Iz mikro vlaken<\/strong><br \/>\n( te\u017eko vnetljiv material, ki ne izgubi te lastnosti niti z pranjem, ne z staranjem, enostavno vzdr\u017eevanje, visoka barvna briljantnost, brez vsebnosti \u0161kodljivih snovi, zelo dolga \u017eivljenska doba )\n<p><img decoding=\"async\" loading=\"lazy\" src=\"https:\/\/www.emago.si\/wp-content\/uploads\/2023\/02\/emago-2023-006.jpg\" alt=\"\" width=\"1378\" height=\"810\" \/><\/p>\n<p><strong>Sede\u017ei in drugo oblazinjeno pohi\u0161tvo za otoke in odrasle<\/strong><\/p>\n<p>Talne blazine, sestavljivi sede\u017eni elementi, igralni vzglavniki ve\u010djih dimenzij, sede\u017ei v obliki solze&#8230;<\/p>\n<p><strong>Sede\u017ene garniture<\/strong><\/p>\n<p>Eno- dvo ali trosedi razli\u010dnih stilov, z razli\u010dnimi prevlekami, ki so snemljive in pralne, izdelane iz te\u017eko vnetljivih materialov. Dobavljive so v razli\u010dnih izvedbah- t.j. za odrasle in otroke.<\/p>\n<p><strong>Oblazinjeni koti\u010dki<\/strong><\/p>\n<p>Z mo\u017enostjo razli\u010dnih prevlek, jedro je lahko iz vzdr\u017eljive pene ali kosmi\u010dev. Koti\u010dki so dobavljivi v razli\u010dnih oblikah, prevleke so snemljive in pralne, mo\u017eno naro\u010dilo nadomestne prevleke.<\/p>\n<p><strong>Blago za prevleke<\/strong><\/p>\n<p>Iz zgoraj omenjenih materialov, v razli\u010dnih barvah in vzorcih tudi za samostojno \u0161ivanje prevlek za oblazinjeno pohi\u0161tvo.<\/p>\n<hr \/>\n\n","protected":false},"excerpt":{"rendered":"<p>Z razli\u010dnimi stili oblazinjenega pohi\u0161tva boste polep\u0161ali va\u0161e bivalne prostore in pri\u010darali \u010dudovite koti\u010dke za sanjarjenje in po\u010ditek. &nbsp; Prevleke oblazinjenega pohi\u0161tva so iz razli\u010dnih materialov 1. Bomba\u017ene tkanine ( obstojna vlakna, brez vsebnosti \u0161kodljivih snovi, pralna ) 2. Iz mikro vlaken ( te\u017eko vnetljiv material, ki ne izgubi te lastnosti niti z pranjem, ne z staranjem, enostavno vzdr\u017eevanje, visoka [&hellip;]<\/p>\n","protected":false},"author":1,"featured_media":0,"parent":20,"menu_order":0,"comment_status":"closed","ping_status":"closed","template":"","meta":{"ngg_post_thumbnail":0},"_links":{"self":[{"href":"https:\/\/www.emago.si\/index.php\/wp-json\/wp\/v2\/pages\/178"}],"collection":[{"href":"https:\/\/www.emago.si\/index.php\/wp-json\/wp\/v2\/pages"}],"about":[{"href":"https:\/\/www.emago.si\/index.php\/wp-json\/wp\/v2\/types\/page"}],"author":[{"embeddable":true,"href":"https:\/\/www.emago.si\/index.php\/wp-json\/wp\/v2\/users\/1"}],"replies":[{"embeddable":true,"href":"https:\/\/www.emago.si\/index.php\/wp-json\/wp\/v2\/comments?post=178"}],"version-history":[{"count":9,"href":"https:\/\/www.emago.si\/index.php\/wp-json\/wp\/v2\/pages\/178\/revisions"}],"predecessor-version":[{"id":1619,"href":"https:\/\/www.emago.si\/index.php\/wp-json\/wp\/v2\/pages\/178\/revisions\/1619"}],"up":[{"embeddable":true,"href":"https:\/\/www.emago.si\/index.php\/wp-json\/wp\/v2\/pages\/20"}],"wp:attachment":[{"href":"https:\/\/www.emago.si\/index.php\/wp-json\/wp\/v2\/media?parent=178"}],"curies":[{"name":"wp","href":"https:\/\/api.w.org\/{rel}","templated":true}]}}