{"id":1652,"date":"2023-04-20T08:09:19","date_gmt":"2023-04-20T06:09:19","guid":{"rendered":"https:\/\/www.emago.si\/?page_id=1652"},"modified":"2023-04-20T09:59:10","modified_gmt":"2023-04-20T07:59:10","slug":"street-workout-naparve","status":"publish","type":"page","link":"https:\/\/www.emago.si\/index.php\/zunanja-igrala\/street-workout-naparve\/","title":{"rendered":"Street workout naparve"},"content":{"rendered":"\n\n\t<h2>Street workout naprave &#8211; JEKLO<\/h2>\n<p>Pra\u0161no barvano protikorozijsko za\u0161\u010diteno jeklo<\/p>\n<ul>\n<li>Brez\u010dasna zasnova<\/li>\n<li>Modularni sistem<\/li>\n<li>Masivna kovinska konstrukcija s plo\u0161\u010dami HDPE<\/li>\n<li>Dizajnirani od aktivnih uli\u010dnih obo\u017eevalcev parkovne vadbe<\/li>\n<li>Zabavna, varna in adrenalinska vadba<\/li>\n<\/ul>\n<p><strong>Modularna in prilagodljiva narava<\/strong> vseh delov pomeni, da lahko vsaki\u010d izdelamo vznemirljive in edinstvene parke. Mo\u017enosti je neskon\u010dno. Oblikujte svoje lastno igri\u0161\u010de parkour, izdelali ga bomo za vas.<\/p>\n<p>V desetletni poslovni zgodovini je Colmex zaklju\u010dil ve\u010d kot 2000 projektov po vsem svetu in zdaj so na \u010ce\u0161kem \u0161tevilka 1, kar se ti\u010de proizvodnje in vgradnje zunanjih fitnes naprav.<\/p>\n<hr \/>\n<h2>Street workout naparve &#8211; INOX<\/h2>\n<p><strong>Material:<\/strong> Nerjave\u010de jeklo AISI 304 (AISI 316 neobvezno, vendar dra\u017eje).<\/p>\n<ul>\n<li>Odporno na vremenske vplive<\/li>\n<li>Izjemna brez\u010dasna zasnova<\/li>\n<li>Izjemna obstojnost izdelka<\/li>\n<li>Primerno za urbane predele, vrtove in zasebna prebivali\u0161\u010da<\/li>\n<li>Izdelano na \u010ce\u0161kem<\/li>\n<\/ul>\n<p>Dolgoro\u010dna nalo\u017eba in glamurozna zasnova. Ekskluzivna in trpe\u017ena street workout oprema iz nerjave\u010dega jekla za aktivno gibanje. Material omogo\u010da namestitev v vla\u017enih okoljih, v parkih, v gorah in ob morju. Sodoben dizajn se prilega sodobnimi mestnimi \u010detrtmi, parki, stanovanjskim obmo\u010djem, \u0161portnim objektom in pisarnam.<\/p>\n<p>V desetletni poslovni zgodovini je Colmex zaklju\u010dil ve\u010d kot 2000 projektov po vsem svetu in zdaj so na \u010ce\u0161kem \u0161tevilka 1, kar se ti\u010de proizvodnje in vgradnje zunanjih fitnes naprav.<\/p>\n<hr \/>\n<p>SAFETY FIRST &#8211; <strong>VARNOST NA PRVEM MESTU<\/strong><\/p>\n<p>Vse naprave so skrbno testirane in pregledane in s tem izpolnjujejo stroge evropske standarde za tovrstne naprave.<\/p>\n<p><strong>Vse naprave so na zalogi<\/strong> in takoj pripravljene za po\u0161iljanje.<\/p>\n<blockquote><p>Mo\u017ena tudi <strong>izdelava 3D simulacije <\/strong>igri\u0161\u010da.<\/p><\/blockquote>\n<hr \/>\n\n","protected":false},"excerpt":{"rendered":"<p>Street workout naprave &#8211; JEKLO Pra\u0161no barvano protikorozijsko za\u0161\u010diteno jeklo Brez\u010dasna zasnova Modularni sistem Masivna kovinska konstrukcija s plo\u0161\u010dami HDPE Dizajnirani od aktivnih uli\u010dnih obo\u017eevalcev parkovne vadbe Zabavna, varna in adrenalinska vadba Modularna in prilagodljiva narava vseh delov pomeni, da lahko vsaki\u010d izdelamo vznemirljive in edinstvene parke. Mo\u017enosti je neskon\u010dno. Oblikujte svoje lastno igri\u0161\u010de parkour, izdelali ga bomo za vas. [&hellip;]<\/p>\n","protected":false},"author":1,"featured_media":0,"parent":1084,"menu_order":0,"comment_status":"closed","ping_status":"closed","template":"","meta":{"ngg_post_thumbnail":0},"_links":{"self":[{"href":"https:\/\/www.emago.si\/index.php\/wp-json\/wp\/v2\/pages\/1652"}],"collection":[{"href":"https:\/\/www.emago.si\/index.php\/wp-json\/wp\/v2\/pages"}],"about":[{"href":"https:\/\/www.emago.si\/index.php\/wp-json\/wp\/v2\/types\/page"}],"author":[{"embeddable":true,"href":"https:\/\/www.emago.si\/index.php\/wp-json\/wp\/v2\/users\/1"}],"replies":[{"embeddable":true,"href":"https:\/\/www.emago.si\/index.php\/wp-json\/wp\/v2\/comments?post=1652"}],"version-history":[{"count":5,"href":"https:\/\/www.emago.si\/index.php\/wp-json\/wp\/v2\/pages\/1652\/revisions"}],"predecessor-version":[{"id":1692,"href":"https:\/\/www.emago.si\/index.php\/wp-json\/wp\/v2\/pages\/1652\/revisions\/1692"}],"up":[{"embeddable":true,"href":"https:\/\/www.emago.si\/index.php\/wp-json\/wp\/v2\/pages\/1084"}],"wp:attachment":[{"href":"https:\/\/www.emago.si\/index.php\/wp-json\/wp\/v2\/media?parent=1652"}],"curies":[{"name":"wp","href":"https:\/\/api.w.org\/{rel}","templated":true}]}}