{"id":1637,"date":"2023-04-20T08:01:01","date_gmt":"2023-04-20T06:01:01","guid":{"rendered":"https:\/\/www.emago.si\/?page_id=1637"},"modified":"2023-04-20T09:43:33","modified_gmt":"2023-04-20T07:43:33","slug":"zunanja-igrala-interplay","status":"publish","type":"page","link":"https:\/\/www.emago.si\/index.php\/zunanja-igrala\/zunanja-igrala-interplay\/","title":{"rendered":"Zunanja igrala Interplay"},"content":{"rendered":"\n\n\t<h2>Zunanja igrala INTERPLAY<\/h2>\n<p>Poljski proizvajalec <strong>zunanjih igral Inter-Play<\/strong> izdeluje razli\u010dna kvalitetna zunanja igrala, od trajnih igral iz inox oplemenitenega jekla, do igral iz pocinkanega in pra\u0161no barvanega jekla, pa vse do igral za ljudi in <strong>otroke S POSEBNIMI POTREBAMI<\/strong> (tudi za uporabnike invalidskih vozi\u010dkov).<\/p>\n<p>Inter-Play igrala odlikuje:<\/p>\n\u2022 Najvi\u0161ja kakovost vsakega izdelka in trpe\u017eni materiali, ki zagotavljajo dolgo \u017eivljenjsko dobo vsakega igri\u0161\u010da<br \/>\n\u2022 Vklju\u010dno z elementi, ki so zasnovani za izzive na razli\u010dne na\u010dine<br \/>\n\u2022 Cilj je, da otroci in skupnosti u\u017eivajo v igranju<br \/>\n\u2022 Zavedajo se kako pomembne so inovativne re\u0161itve za igro in kako jih izvajati\n<p><strong>Prepri\u010dajte se sami:<\/strong><\/p>\n<p>Igrala iz pocinkanega jekla, igri\u0161\u010de za invalide, otro\u0161ko igri\u0161\u010de iz nerjave\u010dega jekla-inox, \u0161portni sistem, zunanja oprema, otro\u0161ko igri\u0161\u010de za uporabnike invalidskih vozi\u010dkov, gugalnice, arene, trampolini&#8230;<\/p>\n<hr \/>\n\n","protected":false},"excerpt":{"rendered":"<p>Zunanja igrala INTERPLAY Poljski proizvajalec zunanjih igral Inter-Play izdeluje razli\u010dna kvalitetna zunanja igrala, od trajnih igral iz inox oplemenitenega jekla, do igral iz pocinkanega in pra\u0161no barvanega jekla, pa vse do igral za ljudi in otroke S POSEBNIMI POTREBAMI (tudi za uporabnike invalidskih vozi\u010dkov). Inter-Play igrala odlikuje: \u2022 Najvi\u0161ja kakovost vsakega izdelka in trpe\u017eni materiali, ki zagotavljajo dolgo \u017eivljenjsko dobo [&hellip;]<\/p>\n","protected":false},"author":1,"featured_media":0,"parent":1084,"menu_order":0,"comment_status":"closed","ping_status":"closed","template":"","meta":{"ngg_post_thumbnail":0},"_links":{"self":[{"href":"https:\/\/www.emago.si\/index.php\/wp-json\/wp\/v2\/pages\/1637"}],"collection":[{"href":"https:\/\/www.emago.si\/index.php\/wp-json\/wp\/v2\/pages"}],"about":[{"href":"https:\/\/www.emago.si\/index.php\/wp-json\/wp\/v2\/types\/page"}],"author":[{"embeddable":true,"href":"https:\/\/www.emago.si\/index.php\/wp-json\/wp\/v2\/users\/1"}],"replies":[{"embeddable":true,"href":"https:\/\/www.emago.si\/index.php\/wp-json\/wp\/v2\/comments?post=1637"}],"version-history":[{"count":5,"href":"https:\/\/www.emago.si\/index.php\/wp-json\/wp\/v2\/pages\/1637\/revisions"}],"predecessor-version":[{"id":1685,"href":"https:\/\/www.emago.si\/index.php\/wp-json\/wp\/v2\/pages\/1637\/revisions\/1685"}],"up":[{"embeddable":true,"href":"https:\/\/www.emago.si\/index.php\/wp-json\/wp\/v2\/pages\/1084"}],"wp:attachment":[{"href":"https:\/\/www.emago.si\/index.php\/wp-json\/wp\/v2\/media?parent=1637"}],"curies":[{"name":"wp","href":"https:\/\/api.w.org\/{rel}","templated":true}]}}