{"id":1635,"date":"2023-04-20T08:00:05","date_gmt":"2023-04-20T06:00:05","guid":{"rendered":"https:\/\/www.emago.si\/?page_id=1635"},"modified":"2023-04-20T09:46:06","modified_gmt":"2023-04-20T07:46:06","slug":"zunanja-igrala-in-urbana-oprema-europlay","status":"publish","type":"page","link":"https:\/\/www.emago.si\/index.php\/zunanja-igrala\/zunanja-igrala-in-urbana-oprema-europlay\/","title":{"rendered":"Zunanja igrala in urbana oprema Europlay"},"content":{"rendered":"\n\n\t<h2>Zunanja igrala in urbana oprema EUROPLAY NV<\/h2>\n<p><strong>EUROPLAY je belgijsko podjetje<\/strong> s sede\u017eem v Dendermonde in Wichelen. Gre za eno izmed vodilnih proizvajalcev zunanjih igral za javne prostore v Evropi in tudi izven nje. Kvalitetna igrala iz lesa, jekla, oplemenitenega jekla in PVC ustrezajo evropskim varnostnim predpisom po EN 1176.<\/p>\n<p>Nadalje je ustvarilo lastno blagovno znamko Eco-play. Ta zunanja igrala so izdelana<strong> iz okolju prijaznih materialov:<\/strong> lesa robinije, hrasta, macesna in duglazije.<\/p>\n<p>EUROPLAY nv ima svoj inovativni in oblikovalni oddelek, ki skupaj z razli\u010dnimi proizvodnimi mesti zagotavljata hitro proizvodnjo in dostavo svojih izdelkov.<\/p>\n<p>Proizvaja tudi okolju prijazne lesene sekance, ki slu\u017eijo kot podlaga pod zunanjimi igrali.<\/p>\n<p><strong>Pa \u0161e o liniji otro\u0161kih igral Eco-Play<\/strong><\/p>\n<p>Narava kot navdih, Eco-Play je vrsta opreme za otro\u0161ka igri\u0161\u010da, ki jo je komercializiral Europlay, odlikuje pa jo igriv dizajn in povezanost z okoli\u0161ko naravo.<\/p>\n<hr \/>\n<p>Team EUROPLAY pravi tako:<\/p>\n<p><em>Veliko otrok odra\u0161\u010da v svetu betona in kovine. Vendar se zdaj zavedamo, da lahko zeleno okolje izbolj\u0161a zdravje in dobro po\u010dutje mladih in starej\u0161ih. Otroke zato spodbujamo, da se igrajo v skladu in s spo\u0161tovanjem do narave.<\/em><\/p>\n<p><em>V zadnjih nekaj letih so \u0161tevilna igri\u0161\u010da bolj opremljena z naravnimi materiali, kot so drevesa, vrbe in lesena oprema za igro &#8230; Raziskave ka\u017eejo, da igra v naravnem okolju ponuja edinstvene izzive in\u200b\u200bprilo\u017enosti za u\u010denje otrok. Zelena igri\u0161\u010da tudi otroke vabijo k bolj intenzivni in raznoliki vadbi.<\/em><\/p>\n<p><em>Nadzorujemo celoten postopek izdelave, od zasnove do proizvodnje. Tako bomo lahko kos kratkim, fleksibilnim dobavnim rokom z zagotovilom odli\u010dne kakovosti. Za Eco-play je zna\u010dilna uporaba edinstvenih debel, vsaka s svojo naravno ukrivljenostjo. Na\u0161i zaposleni so pravi obrtniki. Vsak izdelek je unikaten, narejen ro\u010dno in ka\u017ee resni\u010dno profesionalno spretnost.<\/em><\/p>\n<p><em>Europlay je kot proizvajalec opreme za otro\u0161ka igri\u0161\u010da v javnem sektorju za\u010del z Eco-play-jem pred pribli\u017eno 10 leti. To je ekolo\u0161ka paleta, narejena s srcem in naravo. Izdeluje se v glavnem iz robinije, trpe\u017ene lesne vrste, za katero so zna\u010dilne naravne krivulje in oblike.<\/em><\/p>\n<p><em>Ta pustolovska oprema za igranje se popolnoma prilega v zelenem okolju s kombinacijo materialov, kot so vrbe in hrastovimi debli. Eco-play izdeluje naravno opremo za otro\u0161ka igri\u0161\u010da &#8211; za javno uporabo &#8211; zasnovano za spodbujanje kreativne igre.<\/em><\/p>\n<p><em>Za na\u0161o izdelavo igral so uporabljeni le najbolj\u0161i kosi lesa robinije. Les manj\u0161e kakovosti uporabljamo kot drva ali pa predelamo v lesne sekance. Na ta na\u010din posku\u0161amo minimizirati izgubo virov<\/em><\/p>\n<p><em>Izobra\u017eevanja na\u0161ih zaposlenih in varnost otrok, ki uporabljajo na\u0161o opremo, sta nam zelo pomembna. Sodelujemo z zunanjo certifikacijsko organizacijo \u201eTUV NORD&#8221;. Torej, vsa oprema ima varnostni certifikat po evropskem standardu EN1176-2017.<\/em><\/p>\n<p><em>Uporaba lesnih vrst macesna in robinije z njihovo naravno trajnostjo prepre\u010duje nepotrebno obdelavo s kemi\u010dnimi konzervansi. Odpadki se lahko celo se\u017eigajo in se ne bodo spro\u0161\u010dale \u0161kodljive snovi. Uporaba evropskih vrst lesa \u0161\u010diti tropski de\u017eevni gozd in zmanj\u0161uje emisije CO2.<\/em><\/p>\n<p><em>PEFC (Program za potrditev shem certificiranja gozdov) je svetovni sistem certificiranja gozdov, ki zagotavlja, da se z gozdovi trajnostno upravlja.<\/em><\/p>\n<hr \/>\n\n","protected":false},"excerpt":{"rendered":"<p>Zunanja igrala in urbana oprema EUROPLAY NV EUROPLAY je belgijsko podjetje s sede\u017eem v Dendermonde in Wichelen. Gre za eno izmed vodilnih proizvajalcev zunanjih igral za javne prostore v Evropi in tudi izven nje. Kvalitetna igrala iz lesa, jekla, oplemenitenega jekla in PVC ustrezajo evropskim varnostnim predpisom po EN 1176. Nadalje je ustvarilo lastno blagovno znamko Eco-play. Ta zunanja igrala [&hellip;]<\/p>\n","protected":false},"author":1,"featured_media":0,"parent":1084,"menu_order":0,"comment_status":"closed","ping_status":"closed","template":"","meta":{"ngg_post_thumbnail":0},"_links":{"self":[{"href":"https:\/\/www.emago.si\/index.php\/wp-json\/wp\/v2\/pages\/1635"}],"collection":[{"href":"https:\/\/www.emago.si\/index.php\/wp-json\/wp\/v2\/pages"}],"about":[{"href":"https:\/\/www.emago.si\/index.php\/wp-json\/wp\/v2\/types\/page"}],"author":[{"embeddable":true,"href":"https:\/\/www.emago.si\/index.php\/wp-json\/wp\/v2\/users\/1"}],"replies":[{"embeddable":true,"href":"https:\/\/www.emago.si\/index.php\/wp-json\/wp\/v2\/comments?post=1635"}],"version-history":[{"count":5,"href":"https:\/\/www.emago.si\/index.php\/wp-json\/wp\/v2\/pages\/1635\/revisions"}],"predecessor-version":[{"id":1686,"href":"https:\/\/www.emago.si\/index.php\/wp-json\/wp\/v2\/pages\/1635\/revisions\/1686"}],"up":[{"embeddable":true,"href":"https:\/\/www.emago.si\/index.php\/wp-json\/wp\/v2\/pages\/1084"}],"wp:attachment":[{"href":"https:\/\/www.emago.si\/index.php\/wp-json\/wp\/v2\/media?parent=1635"}],"curies":[{"name":"wp","href":"https:\/\/api.w.org\/{rel}","templated":true}]}}