{"id":1633,"date":"2023-04-20T07:59:40","date_gmt":"2023-04-20T05:59:40","guid":{"rendered":"https:\/\/www.emago.si\/?page_id=1633"},"modified":"2023-04-20T09:47:46","modified_gmt":"2023-04-20T07:47:46","slug":"zunanja-igrala-in-urbana-oprema-aurednik","status":"publish","type":"page","link":"https:\/\/www.emago.si\/index.php\/zunanja-igrala\/zunanja-igrala-in-urbana-oprema-aurednik\/","title":{"rendered":"Zunanja igrala in urbana oprema Aurednik"},"content":{"rendered":"\n\n\t<h2>Zunanja igrala in urbana oprema AUREDNIK<\/h2>\n<blockquote><p><strong>Zunanja igrala AUREDNIK <\/strong>ustrezajo najvi\u0161jim kvalitetnim standardom. Igrala so konstruirana in proizvedena po najnovej\u0161ih evropskih varnostnih standardih oz.po EN 1176.<\/p><\/blockquote>\n<p>&nbsp;<\/p>\n<p>Sama <strong>proizvodnja igral<\/strong> se izvaja v naravnih parkih Hunsr\u00fcck und Spessart.<\/p>\n<p>Pri tem se polaga najve\u010d pozornosti strogemu upo\u0161tevanju varnostnih normativov in kon\u010dnemu <strong>produktu najvi\u0161je kvalitete<\/strong>.<\/p>\n<p><strong>Raznolikost<\/strong> uporabljenih materialov, specifi\u010dne re\u0161itve za kupca in dolga \u017eivljenska doba zagotavljajo varno in neprestano zabavno igro za otroke razli\u010dnih starosti.<\/p>\n<p>Gre za nem\u0161ko dru\u017einsko podjetje z dolgoletno tradicijo uspe\u0161nega delovanja, ki ga odlikuje pozitivno delovno okolje z enakimi pravicami in socialnim zadovoljstvom, ter veseljem do dela in nenehnim strmenjem k nadalnjemu razvoju.<\/p>\n<hr \/>\n\n","protected":false},"excerpt":{"rendered":"<p>Zunanja igrala in urbana oprema AUREDNIK Zunanja igrala AUREDNIK ustrezajo najvi\u0161jim kvalitetnim standardom. Igrala so konstruirana in proizvedena po najnovej\u0161ih evropskih varnostnih standardih oz.po EN 1176. &nbsp; Sama proizvodnja igral se izvaja v naravnih parkih Hunsr\u00fcck und Spessart. Pri tem se polaga najve\u010d pozornosti strogemu upo\u0161tevanju varnostnih normativov in kon\u010dnemu produktu najvi\u0161je kvalitete. Raznolikost uporabljenih materialov, specifi\u010dne re\u0161itve za kupca [&hellip;]<\/p>\n","protected":false},"author":1,"featured_media":0,"parent":1084,"menu_order":0,"comment_status":"closed","ping_status":"closed","template":"","meta":{"ngg_post_thumbnail":0},"_links":{"self":[{"href":"https:\/\/www.emago.si\/index.php\/wp-json\/wp\/v2\/pages\/1633"}],"collection":[{"href":"https:\/\/www.emago.si\/index.php\/wp-json\/wp\/v2\/pages"}],"about":[{"href":"https:\/\/www.emago.si\/index.php\/wp-json\/wp\/v2\/types\/page"}],"author":[{"embeddable":true,"href":"https:\/\/www.emago.si\/index.php\/wp-json\/wp\/v2\/users\/1"}],"replies":[{"embeddable":true,"href":"https:\/\/www.emago.si\/index.php\/wp-json\/wp\/v2\/comments?post=1633"}],"version-history":[{"count":6,"href":"https:\/\/www.emago.si\/index.php\/wp-json\/wp\/v2\/pages\/1633\/revisions"}],"predecessor-version":[{"id":1687,"href":"https:\/\/www.emago.si\/index.php\/wp-json\/wp\/v2\/pages\/1633\/revisions\/1687"}],"up":[{"embeddable":true,"href":"https:\/\/www.emago.si\/index.php\/wp-json\/wp\/v2\/pages\/1084"}],"wp:attachment":[{"href":"https:\/\/www.emago.si\/index.php\/wp-json\/wp\/v2\/media?parent=1633"}],"curies":[{"name":"wp","href":"https:\/\/api.w.org\/{rel}","templated":true}]}}