{"id":1537,"date":"2023-04-19T11:02:30","date_gmt":"2023-04-19T09:02:30","guid":{"rendered":"https:\/\/www.emago.si\/?page_id=1537"},"modified":"2023-04-19T11:58:49","modified_gmt":"2023-04-19T09:58:49","slug":"plesna-tla","status":"publish","type":"page","link":"https:\/\/www.emago.si\/index.php\/prireditveni-odri\/plesna-tla\/","title":{"rendered":"Plesna tla"},"content":{"rendered":"\n\n\t<h2>Plesna tla<\/h2>\n<blockquote><p>Nudimo vam plesna tla indoor za notranjo uporabo z veli\u010dino posameznih elementov 95&#215;95 cm, ki jih lahko hitro in enostavno sestavite v razli\u010dne oblike.<\/p><\/blockquote>\n<h2><img decoding=\"async\" loading=\"lazy\" src=\"https:\/\/www.emago.si\/wp-content\/uploads\/2023\/04\/plesna-tla-152x300.png\" alt=\"\" width=\"360\" height=\"712\" \/><\/h2>\n<p><strong>Posamezni element<\/strong> ima te\u017eo 17 kg in debelino 27 mm. Izdelan je iz osnovne iverne plo\u0161\u010de oplemenitene z lakiranim hrastovim parketom (drugi dekori na povpra\u0161evanje) debeline 4mm.<\/p>\n<p><strong>Osnovna plo\u0161\u010da in parket<\/strong> sta stisnjena v aluminjasto ogrodje, pri \u010demer se parket popolnoma prilega k aluminjastemu ogrodju. Robovi parketa so pri tem \u0161e za\u0161\u010diteni.<\/p>\n<p><strong>Spodnja stran<\/strong> posamezega plesnega elementa je prevle\u010dena s filcem.<\/p>\n<p><strong>Aluminjasto ogrodje<\/strong> ima vgrajene sidrne kavelj\u010dke, ki jih uporabimo pri neravnih tleh.<\/p>\n<p><strong>Kot alternativo<\/strong> nudimo tudi plesna tla odporna proti cigaretnim ogorkom in drugim mehani\u010dnim po\u0161kodbam.<\/p>\n<p>Izdelana so iz osnovne mediapan plo\u0161\u010de in oplemenitene z laminatom.<\/p>\n<p>Zna\u010dilnosti na\u0161ih plesnih tal so slede\u010de:<\/p>\n<ul>\n<li><strong>izredna stabilnost<\/strong><\/li>\n<li><strong>visoka obremenitev<\/strong><\/li>\n<li><strong>enostavna in hitra monta\u017ea<\/strong><\/li>\n<li><strong>odli\u010dno prileganje<\/strong><\/li>\n<li><strong>tla niso drse\u010da<\/strong><\/li>\n<li><strong>varni robovi, brez \u0161trle\u010dih delov<\/strong><\/li>\n<\/ul>\n<p><strong>Plesna tla Outdoor<\/strong> so izdelana iz vodonepropustne vezane plo\u0161\u010de debeline 21 cm, ki je odporna proti vremenskim spremembam in zaradi tega namenjena za zunanjo uporabo.<\/p>\n<p><strong>Veli\u010dina posamezne plo\u0161\u010de<\/strong> je 95&#215;95 cm, te\u017ea 23,5 kg, zgornja povr\u0161ina je v rjavi barvi, obrobe so v zlatem odtenku.<\/p>\n<h2>Plesna tla PP &#8211; Za\u0161\u010ditne plo\u0161\u010de Sellco Event<\/h2>\n<p><strong>Plo\u0161\u010de Sellco Event HD so posebej razvite za maksimalno za\u0161\u010dito ob\u010dutljivih \u0161portnih tal.<\/strong><\/p>\n<p><strong>Za njih je zna\u010dilno<\/strong> polaganje z malo napora, saj jih odlikuje edinstven sistem za spenjanje (oblika puzzle) in majhna te\u017ea (pribli\u017eno 2,0 kg na plo\u0161\u010do).<\/p>\n<p>Tako je Event plo\u0161\u010da <strong>enostavna za uporabo<\/strong> in je lahko prenosljiva. Konstrukcija same notranjosti plo\u0161\u010de je sestavljena v obliki satovja, kar zagotavlja visoko nosilnost (obremenitev na m2 do 1000 kg).<\/p>\n<p><strong>Zgornja plast plo\u0161\u010d<\/strong> je nedrse\u010da (razred R9) in je tako primerna za intenzivno hojo in uporabo v \u010dasu raznih dogodkov ali drugih projektov v \u0161portni dvorani.<\/p>\n<p><strong>Talne Event HD lahko<\/strong> s pomo\u010djo posebnih lepilnih trakov naredimo popolnoma neprepustne za teko\u010dine (velja za sti\u010dne povr\u0161ine plo\u0161\u010d).<\/p>\n<blockquote><p><strong>Sama povr\u0161ina plo\u0161\u010d je seveda vodo nepropustna.<\/strong><\/p><\/blockquote>\n<p>&nbsp;<\/p>\n<p><em>Za\u0161\u010ditne plo\u0161\u010de Sellco Event so tako trajna re\u0161itev za za\u0161\u010dito \u0161portnega poda.<\/em><\/p>\n<p><strong>Mo\u017enost uporabe<\/strong> je seveda \u0161iroka: vse od javnih dogodkov, sejmov, zabav in tudi plesnih turnirjev ipd.<\/p>\n<p><strong>Bistvene tehni\u010dne lastnosti:<\/strong><\/p>\nMaterial polipropilena (PP)<br \/>\n<em>&#8211; Barva siva<\/em><br \/>\n<em>&#8211; Debelina 6,2 mm<\/em><br \/>\n<em>&#8211; Antistati\u010dne<\/em><br \/>\n<em>&#8211; Lahko se shranjujejo do -20 st.C<\/em><br \/>\n<em>&#8211; Majhna lastna te\u017ea do 2 kg<\/em><br \/>\n<em>&#8211; Obremenitev do 1000 kg<\/em><br \/>\n<em>&#8211; Proti zdrsne razred R9<\/em><br \/>\n<em>&#8211; Vodotesne<\/em><br \/>\n<em>&#8211; Neob\u010dutljive na kisline in baze<\/em><br \/>\n<em>&#8211; Enostavno in hitro polo\u017eene<\/em><br \/>\n<em>&#8211; Velikost 80 x 120 cm (0,83 m2\/kos)<\/em><br \/>\n<em>&#8211; Se reciklirajo<\/em>\n<p><strong>Prednosti:<\/strong><\/p>\n<em>&#8211; Te\u017eko vnetljive<\/em><br \/>\n<em>&#8211; Hitro montirane in demontirane<\/em><br \/>\n<em>&#8211; Enostavne za \u010di\u0161\u010denje<\/em><br \/>\n<em>&#8211; Varne, brez zatikanja pri hoji<\/em><br \/>\n<em>&#8211; Lahko prenosljive<\/em><br \/>\n<em>&#8211; Ve\u010dkratno uporabne<\/em>\n<hr \/>\n\n","protected":false},"excerpt":{"rendered":"<p>Plesna tla Nudimo vam plesna tla indoor za notranjo uporabo z veli\u010dino posameznih elementov 95&#215;95 cm, ki jih lahko hitro in enostavno sestavite v razli\u010dne oblike. Posamezni element ima te\u017eo 17 kg in debelino 27 mm. Izdelan je iz osnovne iverne plo\u0161\u010de oplemenitene z lakiranim hrastovim parketom (drugi dekori na povpra\u0161evanje) debeline 4mm. Osnovna plo\u0161\u010da in parket sta stisnjena v [&hellip;]<\/p>\n","protected":false},"author":1,"featured_media":0,"parent":1086,"menu_order":0,"comment_status":"closed","ping_status":"closed","template":"","meta":{"ngg_post_thumbnail":0},"_links":{"self":[{"href":"https:\/\/www.emago.si\/index.php\/wp-json\/wp\/v2\/pages\/1537"}],"collection":[{"href":"https:\/\/www.emago.si\/index.php\/wp-json\/wp\/v2\/pages"}],"about":[{"href":"https:\/\/www.emago.si\/index.php\/wp-json\/wp\/v2\/types\/page"}],"author":[{"embeddable":true,"href":"https:\/\/www.emago.si\/index.php\/wp-json\/wp\/v2\/users\/1"}],"replies":[{"embeddable":true,"href":"https:\/\/www.emago.si\/index.php\/wp-json\/wp\/v2\/comments?post=1537"}],"version-history":[{"count":4,"href":"https:\/\/www.emago.si\/index.php\/wp-json\/wp\/v2\/pages\/1537\/revisions"}],"predecessor-version":[{"id":1561,"href":"https:\/\/www.emago.si\/index.php\/wp-json\/wp\/v2\/pages\/1537\/revisions\/1561"}],"up":[{"embeddable":true,"href":"https:\/\/www.emago.si\/index.php\/wp-json\/wp\/v2\/pages\/1086"}],"wp:attachment":[{"href":"https:\/\/www.emago.si\/index.php\/wp-json\/wp\/v2\/media?parent=1537"}],"curies":[{"name":"wp","href":"https:\/\/api.w.org\/{rel}","templated":true}]}}