{"id":1535,"date":"2023-04-19T11:01:32","date_gmt":"2023-04-19T09:01:32","guid":{"rendered":"https:\/\/www.emago.si\/?page_id=1535"},"modified":"2023-04-19T17:08:19","modified_gmt":"2023-04-19T15:08:19","slug":"stojalo-za-karte","status":"publish","type":"page","link":"https:\/\/www.emago.si\/index.php\/prireditveni-odri\/stojalo-za-karte\/","title":{"rendered":"Stojalo za karte"},"content":{"rendered":"\n\n\t<h2><img decoding=\"async\" loading=\"lazy\" src=\"https:\/\/www.emago.si\/wp-content\/uploads\/2023\/04\/stojala-254x300.png\" alt=\"\" width=\"360\" height=\"426\" \/>Stojalo za karte<\/h2>\n<p><strong>Stojalo za \u0161olske karte<\/strong> je izdelano po evropskih normativih in se pona\u0161a z varnostnim certifikatom.<\/p>\n<p><em>S pravilno uporabo je zagotovljeno, da se ne po\u0161kodujejo karte, ki jih obesijo na stojalo.<\/em><\/p>\n<p>Vi\u0161ina stojala je <strong>nastavljiva od 184 do 300 cm<\/strong>.<\/p>\n<p><strong>Stojalo ima 5 koles<\/strong>, od tega 3 z vgrajeno zavoro.<\/p>\n<p>Mo\u017ena je tudi dobava stojala brez koles.<\/p>\n<p>Na voljo so razli\u010dne standardne barve stojal ali pa barva po va\u0161i izbiri.<\/p>\n<blockquote><p><strong>Vi\u0161ina stojala<\/strong> je nastavljiva enoro\u010dno.<\/p><\/blockquote>\n<hr \/>\n\n","protected":false},"excerpt":{"rendered":"<p>Stojalo za karte Stojalo za \u0161olske karte je izdelano po evropskih normativih in se pona\u0161a z varnostnim certifikatom. S pravilno uporabo je zagotovljeno, da se ne po\u0161kodujejo karte, ki jih obesijo na stojalo. Vi\u0161ina stojala je nastavljiva od 184 do 300 cm. Stojalo ima 5 koles, od tega 3 z vgrajeno zavoro. Mo\u017ena je tudi dobava stojala brez koles. Na [&hellip;]<\/p>\n","protected":false},"author":1,"featured_media":0,"parent":1086,"menu_order":0,"comment_status":"closed","ping_status":"closed","template":"","meta":{"ngg_post_thumbnail":0},"_links":{"self":[{"href":"https:\/\/www.emago.si\/index.php\/wp-json\/wp\/v2\/pages\/1535"}],"collection":[{"href":"https:\/\/www.emago.si\/index.php\/wp-json\/wp\/v2\/pages"}],"about":[{"href":"https:\/\/www.emago.si\/index.php\/wp-json\/wp\/v2\/types\/page"}],"author":[{"embeddable":true,"href":"https:\/\/www.emago.si\/index.php\/wp-json\/wp\/v2\/users\/1"}],"replies":[{"embeddable":true,"href":"https:\/\/www.emago.si\/index.php\/wp-json\/wp\/v2\/comments?post=1535"}],"version-history":[{"count":2,"href":"https:\/\/www.emago.si\/index.php\/wp-json\/wp\/v2\/pages\/1535\/revisions"}],"predecessor-version":[{"id":1615,"href":"https:\/\/www.emago.si\/index.php\/wp-json\/wp\/v2\/pages\/1535\/revisions\/1615"}],"up":[{"embeddable":true,"href":"https:\/\/www.emago.si\/index.php\/wp-json\/wp\/v2\/pages\/1086"}],"wp:attachment":[{"href":"https:\/\/www.emago.si\/index.php\/wp-json\/wp\/v2\/media?parent=1535"}],"curies":[{"name":"wp","href":"https:\/\/api.w.org\/{rel}","templated":true}]}}