{"id":1533,"date":"2023-04-19T11:01:10","date_gmt":"2023-04-19T09:01:10","guid":{"rendered":"https:\/\/www.emago.si\/?page_id=1533"},"modified":"2023-04-19T16:59:51","modified_gmt":"2023-04-19T14:59:51","slug":"kulise-za-odre","status":"publish","type":"page","link":"https:\/\/www.emago.si\/index.php\/prireditveni-odri\/kulise-za-odre\/","title":{"rendered":"Kulise za odre"},"content":{"rendered":"\n\n\t<h2><img decoding=\"async\" loading=\"lazy\" src=\"https:\/\/www.emago.si\/wp-content\/uploads\/2023\/04\/Kulise-za-oder-300x221.png\" alt=\"\" width=\"400\" height=\"295\" \/>Kulise za odre<\/h2>\n<p><strong>Za profesionalen izgled odra je potrebno zelo malo \u010dasa.<\/strong><\/p>\n<p><em>Za hitro izdelavo primerne kulise vam nudimo stojala za kulise z zavesami.<\/em><\/p>\n<p><strong>Zavese za kulise so se\u0161ite<\/strong> brez naborkov iz 100% bomba\u017ene tkanine Molton 55 z lastnostjo trajne te\u017eke vnetljivosti (impregnirana po DIN 4120 B1), ter ne prepu\u0161\u010dajo svetlobe.<\/p>\n<p><strong>Dobavljive so v \u0161irini 200 cm<\/strong> po teko\u010dem metru in v barvah: rde\u010da, \u010drna, siva, bela, svetlo siva, modra, temno modra. Te\u017ea tkanine je 300gr\/m2.<\/p>\n<p><strong>Na vse modele odrov<\/strong> je seveda mo\u017eno montirati stabilna jeklena stojala (barvana po RAL \u010drno) za kulise, ki so nastavljiva po vi\u0161ini do 250 cm in imajo \u0161irino 2m.<\/p>\n<p><strong>Za varnost<\/strong> skrbijo dodatne sponke, ki povezujejo posamezna stojala.<\/p>\n<p><strong>Pre\u010dka nudi<\/strong> stojalu dodatno stabilnost.<\/p>\n<p>Nadalje vam nudimo mobilno jekleno samostoje\u010de stojalo, ki je nastavljivo od 200-350 cm in ima \u0161irino 200 cm in je primerno za mobilno zastiranje na odru.<\/p>\n<hr \/>\n\n","protected":false},"excerpt":{"rendered":"<p>Kulise za odre Za profesionalen izgled odra je potrebno zelo malo \u010dasa. Za hitro izdelavo primerne kulise vam nudimo stojala za kulise z zavesami. Zavese za kulise so se\u0161ite brez naborkov iz 100% bomba\u017ene tkanine Molton 55 z lastnostjo trajne te\u017eke vnetljivosti (impregnirana po DIN 4120 B1), ter ne prepu\u0161\u010dajo svetlobe. Dobavljive so v \u0161irini 200 cm po teko\u010dem metru [&hellip;]<\/p>\n","protected":false},"author":1,"featured_media":0,"parent":1086,"menu_order":0,"comment_status":"closed","ping_status":"closed","template":"","meta":{"ngg_post_thumbnail":0},"_links":{"self":[{"href":"https:\/\/www.emago.si\/index.php\/wp-json\/wp\/v2\/pages\/1533"}],"collection":[{"href":"https:\/\/www.emago.si\/index.php\/wp-json\/wp\/v2\/pages"}],"about":[{"href":"https:\/\/www.emago.si\/index.php\/wp-json\/wp\/v2\/types\/page"}],"author":[{"embeddable":true,"href":"https:\/\/www.emago.si\/index.php\/wp-json\/wp\/v2\/users\/1"}],"replies":[{"embeddable":true,"href":"https:\/\/www.emago.si\/index.php\/wp-json\/wp\/v2\/comments?post=1533"}],"version-history":[{"count":4,"href":"https:\/\/www.emago.si\/index.php\/wp-json\/wp\/v2\/pages\/1533\/revisions"}],"predecessor-version":[{"id":1613,"href":"https:\/\/www.emago.si\/index.php\/wp-json\/wp\/v2\/pages\/1533\/revisions\/1613"}],"up":[{"embeddable":true,"href":"https:\/\/www.emago.si\/index.php\/wp-json\/wp\/v2\/pages\/1086"}],"wp:attachment":[{"href":"https:\/\/www.emago.si\/index.php\/wp-json\/wp\/v2\/media?parent=1533"}],"curies":[{"name":"wp","href":"https:\/\/api.w.org\/{rel}","templated":true}]}}