{"id":1531,"date":"2023-04-19T11:00:39","date_gmt":"2023-04-19T09:00:39","guid":{"rendered":"https:\/\/www.emago.si\/?page_id=1531"},"modified":"2023-04-19T16:10:07","modified_gmt":"2023-04-19T14:10:07","slug":"vozicek-za-mobilni-oder","status":"publish","type":"page","link":"https:\/\/www.emago.si\/index.php\/prireditveni-odri\/vozicek-za-mobilni-oder\/","title":{"rendered":"Vozi\u010dek za mobilni oder"},"content":{"rendered":"\n\n\t<h2><img decoding=\"async\" loading=\"lazy\" src=\"https:\/\/www.emago.si\/wp-content\/uploads\/2023\/04\/Vozicek-za-mobilni-oder-300x191.jpg\" alt=\"\" width=\"400\" height=\"255\" \/>Vozi\u010dek za mobilni oder<\/h2>\n<p><strong>Vozi\u010dek za prireditveni oder<\/strong> s snemljivimi ro\u010daji, s \u0161tirimi gumijastimi kolesi, ki se ne obrabijo (od tega 2 krmilni kolesi).<\/p>\n<p>Nosilnost po kolesu <strong>je 200 kg<\/strong>. <\/p>\n<p>Veli\u010dina vozi\u010dka <strong>100&#215;200 cm.<\/strong> <\/p>\n<p>Mo\u017ena zavora ali kolesa z nosilnostjo <strong>300 kg po kolesu.<\/strong><\/p>\n<p><em>Vozi\u010dki so dobavljivi tudi v drugih veli\u010dinah s<strong> 4-6 kolesi.<\/strong><\/em><\/p>\n<hr \/>\n\n","protected":false},"excerpt":{"rendered":"<p>Vozi\u010dek za mobilni oder Vozi\u010dek za prireditveni oder s snemljivimi ro\u010daji, s \u0161tirimi gumijastimi kolesi, ki se ne obrabijo (od tega 2 krmilni kolesi). Nosilnost po kolesu je 200 kg. Veli\u010dina vozi\u010dka 100&#215;200 cm. Mo\u017ena zavora ali kolesa z nosilnostjo 300 kg po kolesu. Vozi\u010dki so dobavljivi tudi v drugih veli\u010dinah s 4-6 kolesi.<\/p>\n","protected":false},"author":1,"featured_media":0,"parent":1086,"menu_order":0,"comment_status":"closed","ping_status":"closed","template":"","meta":{"ngg_post_thumbnail":0},"_links":{"self":[{"href":"https:\/\/www.emago.si\/index.php\/wp-json\/wp\/v2\/pages\/1531"}],"collection":[{"href":"https:\/\/www.emago.si\/index.php\/wp-json\/wp\/v2\/pages"}],"about":[{"href":"https:\/\/www.emago.si\/index.php\/wp-json\/wp\/v2\/types\/page"}],"author":[{"embeddable":true,"href":"https:\/\/www.emago.si\/index.php\/wp-json\/wp\/v2\/users\/1"}],"replies":[{"embeddable":true,"href":"https:\/\/www.emago.si\/index.php\/wp-json\/wp\/v2\/comments?post=1531"}],"version-history":[{"count":2,"href":"https:\/\/www.emago.si\/index.php\/wp-json\/wp\/v2\/pages\/1531\/revisions"}],"predecessor-version":[{"id":1609,"href":"https:\/\/www.emago.si\/index.php\/wp-json\/wp\/v2\/pages\/1531\/revisions\/1609"}],"up":[{"embeddable":true,"href":"https:\/\/www.emago.si\/index.php\/wp-json\/wp\/v2\/pages\/1086"}],"wp:attachment":[{"href":"https:\/\/www.emago.si\/index.php\/wp-json\/wp\/v2\/media?parent=1531"}],"curies":[{"name":"wp","href":"https:\/\/api.w.org\/{rel}","templated":true}]}}