{"id":1529,"date":"2023-04-19T11:00:13","date_gmt":"2023-04-19T09:00:13","guid":{"rendered":"https:\/\/www.emago.si\/?page_id=1529"},"modified":"2023-04-19T16:04:01","modified_gmt":"2023-04-19T14:04:01","slug":"vrste-zaslonk","status":"publish","type":"page","link":"https:\/\/www.emago.si\/index.php\/prireditveni-odri\/vrste-zaslonk\/","title":{"rendered":"Vrste zaslonk"},"content":{"rendered":"\n\n\t<h2>Vrste zaslonk<\/h2>\n<p><strong>Lesena zaslonka <\/strong>&#8211; 15 mm debela plo\u0161\u010da iz furnirja-bukev privita z vijaki. 3 strani so obdelane z masivnimi bukovimi nalimki.<\/p>\n<p><img decoding=\"async\" loading=\"lazy\" src=\"https:\/\/www.emago.si\/wp-content\/uploads\/2023\/04\/Vrste-zaslonk-1-300x199.jpg\" alt=\"\" width=\"400\" height=\"265\" \/><\/p>\n<p><strong>Tekstilna zaslonka<\/strong> trevira CS, trajno te\u017eko vnetljiv material po DIN 4102 B1, ravno \u0161ivana, pritrjena z trakom-je\u017ekom. Mo\u017ene so tudi druge barve.<\/p>\n<p><img decoding=\"async\" loading=\"lazy\" src=\"https:\/\/www.emago.si\/wp-content\/uploads\/2023\/04\/Vrste-zaslonk-2-300x199.jpg\" alt=\"\" width=\"400\" height=\"265\" \/><\/p>\n<hr \/>\n\n","protected":false},"excerpt":{"rendered":"<p>Vrste zaslonk Lesena zaslonka &#8211; 15 mm debela plo\u0161\u010da iz furnirja-bukev privita z vijaki. 3 strani so obdelane z masivnimi bukovimi nalimki. Tekstilna zaslonka trevira CS, trajno te\u017eko vnetljiv material po DIN 4102 B1, ravno \u0161ivana, pritrjena z trakom-je\u017ekom. Mo\u017ene so tudi druge barve.<\/p>\n","protected":false},"author":1,"featured_media":0,"parent":1086,"menu_order":0,"comment_status":"closed","ping_status":"closed","template":"","meta":{"ngg_post_thumbnail":0},"_links":{"self":[{"href":"https:\/\/www.emago.si\/index.php\/wp-json\/wp\/v2\/pages\/1529"}],"collection":[{"href":"https:\/\/www.emago.si\/index.php\/wp-json\/wp\/v2\/pages"}],"about":[{"href":"https:\/\/www.emago.si\/index.php\/wp-json\/wp\/v2\/types\/page"}],"author":[{"embeddable":true,"href":"https:\/\/www.emago.si\/index.php\/wp-json\/wp\/v2\/users\/1"}],"replies":[{"embeddable":true,"href":"https:\/\/www.emago.si\/index.php\/wp-json\/wp\/v2\/comments?post=1529"}],"version-history":[{"count":2,"href":"https:\/\/www.emago.si\/index.php\/wp-json\/wp\/v2\/pages\/1529\/revisions"}],"predecessor-version":[{"id":1607,"href":"https:\/\/www.emago.si\/index.php\/wp-json\/wp\/v2\/pages\/1529\/revisions\/1607"}],"up":[{"embeddable":true,"href":"https:\/\/www.emago.si\/index.php\/wp-json\/wp\/v2\/pages\/1086"}],"wp:attachment":[{"href":"https:\/\/www.emago.si\/index.php\/wp-json\/wp\/v2\/media?parent=1529"}],"curies":[{"name":"wp","href":"https:\/\/api.w.org\/{rel}","templated":true}]}}