{"id":1523,"date":"2023-04-19T10:58:27","date_gmt":"2023-04-19T08:58:27","guid":{"rendered":"https:\/\/www.emago.si\/?page_id=1523"},"modified":"2023-04-19T13:37:56","modified_gmt":"2023-04-19T11:37:56","slug":"noge-za-odrske-elemente","status":"publish","type":"page","link":"https:\/\/www.emago.si\/index.php\/prireditveni-odri\/noge-za-odrske-elemente\/","title":{"rendered":"Noge za odrske elemente"},"content":{"rendered":"\n\n\t<h2>Noge za odrske elemente<\/h2>\n<p>Izbira nog je individualna.<\/p>\n<p><strong>Noge so razli\u010dnih izvedb<\/strong> in dobavljive v fiksnih vi\u0161inah ali so vi\u0161insko nastavljive.<\/p>\n<p>Ve\u010dina nog ima nivelirno poliamidno no\u017eico, s katerimi se izravnavajo neravna tla. <strong>Seveda vam pri primerni izbiri z veseljem svetujemo.<\/strong><\/p>\n<p><img decoding=\"async\" loading=\"lazy\" src=\"https:\/\/www.emago.si\/wp-content\/uploads\/2023\/04\/noga-1-300x143.jpg\" alt=\"\" width=\"400\" height=\"191\" \/><\/p>\n<p><strong>Vti\u010dna noga<\/strong> <strong>z fiksno vi\u0161ino in<\/strong> <strong>s poliamidno no\u017eico<\/strong> fi. 45 mm (pvc navoj)- za nastavitve odra pri neravnih tleh do 3 cm. Razli\u010dne vi\u0161ine nog: 20,40, 60,80,100,120,140 cm.<\/p>\n<p><img decoding=\"async\" loading=\"lazy\" src=\"https:\/\/www.emago.si\/wp-content\/uploads\/2023\/04\/noga-2-300x143.jpg\" alt=\"\" width=\"400\" height=\"191\" \/><\/p>\n<p><strong>Vti\u010dna noga<\/strong> z fiksno vi\u0161ino, <strong>brez poliamidne<\/strong> no\u017eice. Vi\u0161ine nog: 20,40,60,80,100,120,140 cm.<\/p>\n<p><img decoding=\"async\" loading=\"lazy\" src=\"https:\/\/www.emago.si\/wp-content\/uploads\/2023\/04\/noga-3-300x143.jpg\" alt=\"\" width=\"400\" height=\"191\" \/><\/p>\n<p><strong>Vi\u0161insko nastavljiva vti\u010dna noga<\/strong>&#8211; nastavitev mo\u017ena na vsakih 5 cm- z dodatnim varnostnim vti\u010dem. S poliamidno no\u017eico premera 8 cm z jeklenim navojem M12 za nastavitve odra do 4 cm pri neravnih tleh. Mo\u017ene vi\u0161ine: 40-60 cm, 60-100 cm, 100-160 cm.<\/p>\n<p><img decoding=\"async\" loading=\"lazy\" src=\"https:\/\/www.emago.si\/wp-content\/uploads\/2023\/04\/noga-4-300x143.jpg\" alt=\"\" width=\"400\" height=\"191\" \/><\/p>\n<p><strong>Vti\u010dna noga z fiksno vi\u0161ino in s poliamidno<\/strong> no\u017eico premera 8 cm z jeklenim navojem M12, za nastavitve odra do 3 cm pri neravnih tleh. Vi\u0161ine nog: 20,40,60,80,100,120,140 cm.<\/p>\n<p><img decoding=\"async\" loading=\"lazy\" src=\"https:\/\/www.emago.si\/wp-content\/uploads\/2023\/04\/noga-5-300x143.jpg\" alt=\"\" width=\"400\" height=\"191\" \/><\/p>\n<p>Vi\u0161insko nastavljiva vti\u010dna noga, vi\u0161ina poljubna v okviru podanih zmo\u017enosti za posamezno nogo. Brez poliamidne no\u017eice. Fiksiranje z ro\u010dnim navojem in dvema vijakoma s plosko kapico. Mo\u017ene vi\u0161ine: 40-60 cm, 60-100 cm, 100-160 cm.<\/p>\n<hr \/>\n\n","protected":false},"excerpt":{"rendered":"<p>Noge za odrske elemente Izbira nog je individualna. Noge so razli\u010dnih izvedb in dobavljive v fiksnih vi\u0161inah ali so vi\u0161insko nastavljive. Ve\u010dina nog ima nivelirno poliamidno no\u017eico, s katerimi se izravnavajo neravna tla. Seveda vam pri primerni izbiri z veseljem svetujemo. Vti\u010dna noga z fiksno vi\u0161ino in s poliamidno no\u017eico fi. 45 mm (pvc navoj)- za nastavitve odra pri neravnih [&hellip;]<\/p>\n","protected":false},"author":1,"featured_media":0,"parent":1086,"menu_order":0,"comment_status":"closed","ping_status":"closed","template":"","meta":{"ngg_post_thumbnail":0},"_links":{"self":[{"href":"https:\/\/www.emago.si\/index.php\/wp-json\/wp\/v2\/pages\/1523"}],"collection":[{"href":"https:\/\/www.emago.si\/index.php\/wp-json\/wp\/v2\/pages"}],"about":[{"href":"https:\/\/www.emago.si\/index.php\/wp-json\/wp\/v2\/types\/page"}],"author":[{"embeddable":true,"href":"https:\/\/www.emago.si\/index.php\/wp-json\/wp\/v2\/users\/1"}],"replies":[{"embeddable":true,"href":"https:\/\/www.emago.si\/index.php\/wp-json\/wp\/v2\/comments?post=1523"}],"version-history":[{"count":2,"href":"https:\/\/www.emago.si\/index.php\/wp-json\/wp\/v2\/pages\/1523\/revisions"}],"predecessor-version":[{"id":1586,"href":"https:\/\/www.emago.si\/index.php\/wp-json\/wp\/v2\/pages\/1523\/revisions\/1586"}],"up":[{"embeddable":true,"href":"https:\/\/www.emago.si\/index.php\/wp-json\/wp\/v2\/pages\/1086"}],"wp:attachment":[{"href":"https:\/\/www.emago.si\/index.php\/wp-json\/wp\/v2\/media?parent=1523"}],"curies":[{"name":"wp","href":"https:\/\/api.w.org\/{rel}","templated":true}]}}