{"id":1519,"date":"2023-04-19T10:57:20","date_gmt":"2023-04-19T08:57:20","guid":{"rendered":"https:\/\/www.emago.si\/?page_id=1519"},"modified":"2023-04-19T13:07:18","modified_gmt":"2023-04-19T11:07:18","slug":"oder-praktikus-500","status":"publish","type":"page","link":"https:\/\/www.emago.si\/index.php\/prireditveni-odri\/oder-praktikus-500\/","title":{"rendered":"Oder Praktikus 500"},"content":{"rendered":"\n\n\t<h2><img decoding=\"async\" loading=\"lazy\" src=\"https:\/\/www.emago.si\/wp-content\/uploads\/2023\/04\/Praktikus_500_01-300x172.jpg\" alt=\"\" width=\"450\" height=\"258\" \/>Oder Praktikus 500<\/h2>\n<p><strong>\u0160e la\u017eji in tanj\u0161i, pa vendar vzdr\u017eljiv do 500 kg\/m2<\/strong><\/p>\n<p><strong>Mobilni odrski element Praktikus 500, vel.200 x 100 cm je lahek (skupna te\u017ea samo 29 kg) in var\u010duje s prostorom (vi\u0161ina le 8,5 cm)<\/strong>.<\/p>\n<p>K temu pri\u0161tejemo \u0161e njegovo robustnost, stabilnost in cenovno ugodnost. S tem \u0161teje Praktikus 500 absolutno k zmagovalnemu modelu.<\/p>\n<p><strong>Mobilni oder Praktikus 500<\/strong> se uspe\u0161no uporablja tako v zaprtih prostorih kot na prostem na vseh vrstah prireditev.<\/p>\n<p>Nadaljnje prednosti:<\/p>\n\u2022 Zvezdni vija\u010dni vijak s plasti\u010dno glavo za za\u0161\u010dito vti\u010dnih nog<br \/>\n\u2022 Udobno rokovanje zaradi ergonomske oblike profila okvirja<br \/>\n\u2022 Varnostni kotni robovi modernega videza zahvaljujo\u010d vogalnim vlo\u017ekom iz plastike, odporne na udarce &#8211; s tem zmanj\u0161ujete tveganje za okolico in zmanj\u0161ate nevarnost po\u0161kodb<br \/>\n\u2022 Tla odra so narejena iz 12 mm debele vodoodporne vezane plo\u0161\u010de za zunanjo (in notranjo) uporabo, ki je protizdrsno obdelana-T-FIX, temno rjave barve<br \/>\n\u2022 Okvir je zdru\u017eljiv z ostalimi Praktikus in \u0161karjastimi odri Mott<br \/>\n\u2022 Mott dodatki, kot so stopnice, ograje itd. so popolnoma zdru\u017eljivi<br \/>\n\u2022 Vti\u010dne noge 45 \u00d7 45 mm, niso vklju\u010dene, navedite vi\u0161ino in izvedbo<br \/>\n\u2022 Pre\u010dna opornica iz aluminija\n<p><img decoding=\"async\" loading=\"lazy\" src=\"https:\/\/www.emago.si\/wp-content\/uploads\/2023\/04\/Praktikus-500-B.jpg\" alt=\"\" width=\"988\" height=\"330\" \/><\/p>\n\n","protected":false},"excerpt":{"rendered":"<p>Oder Praktikus 500 \u0160e la\u017eji in tanj\u0161i, pa vendar vzdr\u017eljiv do 500 kg\/m2 Mobilni odrski element Praktikus 500, vel.200 x 100 cm je lahek (skupna te\u017ea samo 29 kg) in var\u010duje s prostorom (vi\u0161ina le 8,5 cm). K temu pri\u0161tejemo \u0161e njegovo robustnost, stabilnost in cenovno ugodnost. S tem \u0161teje Praktikus 500 absolutno k zmagovalnemu modelu. Mobilni oder Praktikus 500 [&hellip;]<\/p>\n","protected":false},"author":1,"featured_media":0,"parent":1086,"menu_order":0,"comment_status":"closed","ping_status":"closed","template":"","meta":{"ngg_post_thumbnail":0},"_links":{"self":[{"href":"https:\/\/www.emago.si\/index.php\/wp-json\/wp\/v2\/pages\/1519"}],"collection":[{"href":"https:\/\/www.emago.si\/index.php\/wp-json\/wp\/v2\/pages"}],"about":[{"href":"https:\/\/www.emago.si\/index.php\/wp-json\/wp\/v2\/types\/page"}],"author":[{"embeddable":true,"href":"https:\/\/www.emago.si\/index.php\/wp-json\/wp\/v2\/users\/1"}],"replies":[{"embeddable":true,"href":"https:\/\/www.emago.si\/index.php\/wp-json\/wp\/v2\/comments?post=1519"}],"version-history":[{"count":3,"href":"https:\/\/www.emago.si\/index.php\/wp-json\/wp\/v2\/pages\/1519\/revisions"}],"predecessor-version":[{"id":1579,"href":"https:\/\/www.emago.si\/index.php\/wp-json\/wp\/v2\/pages\/1519\/revisions\/1579"}],"up":[{"embeddable":true,"href":"https:\/\/www.emago.si\/index.php\/wp-json\/wp\/v2\/pages\/1086"}],"wp:attachment":[{"href":"https:\/\/www.emago.si\/index.php\/wp-json\/wp\/v2\/media?parent=1519"}],"curies":[{"name":"wp","href":"https:\/\/api.w.org\/{rel}","templated":true}]}}