{"id":1517,"date":"2023-04-19T10:56:55","date_gmt":"2023-04-19T08:56:55","guid":{"rendered":"https:\/\/www.emago.si\/?page_id=1517"},"modified":"2023-04-19T12:43:42","modified_gmt":"2023-04-19T10:43:42","slug":"oder-praktikus-light","status":"publish","type":"page","link":"https:\/\/www.emago.si\/index.php\/prireditveni-odri\/oder-praktikus-light\/","title":{"rendered":"Oder Praktikus Light"},"content":{"rendered":"\n\n\t<h2><img decoding=\"async\" loading=\"lazy\" src=\"https:\/\/www.emago.si\/wp-content\/uploads\/2023\/04\/PraktikusLight-300x210.jpg\" alt=\"\" width=\"399\" height=\"279\" \/>Oder Praktikus Light<\/h2>\n<p><strong>Nosilnost odra je 750 kg\/m2- pregledan je s strani TUEV po DIN 1055 in DIN 4112, z varnostnim certifikatom.<\/strong><\/p>\n<p><strong>Velikost posameznega elementa<\/strong> je 100&#215;200 cm, mo\u017ene so tudi velikosti po \u017eeljah stranke. Te\u017ea zna\u0161a 34 kg (z \u017ee vgrajeno talno plo\u0161\u010do za zunanjo in notranjo uporabo).<\/p>\n<p>Tako je Praktikus light <strong>trenutno najla\u017eji oderski element.<\/strong><\/p>\n<p><strong>Tla odra so izdelana<\/strong> iz vodoodporne vezane plo\u0161\u010de za zunanjo (in notranjo) uporabo, ki je seveda protizdrsno obdelana.<\/p>\n<p><strong>Konstrukcija je izdelana<\/strong> iz specialnega zaprtega aluminjastega ogrodja z vgrajeno pre\u010dko, ki slu\u017ei za stabilnost in varnost.<\/p>\n<p><strong>Vogali so<\/strong> stisnjeni s stabilnimi aluminjastimi kotniki.<\/p>\n<p><strong>Vogalni kotniki<\/strong> se uporabljajo pri teleskopskih nogah z enostavnim in varnim vti\u010dnim sistemom.<\/p>\n<p><strong>Ro\u010dica za hitro<\/strong> vstavitev poljubnih nog omogo\u010da \u0161e hitrej\u0161o monta\u017eo le teh.<\/p>\n<p><img decoding=\"async\" loading=\"lazy\" src=\"https:\/\/www.emago.si\/wp-content\/uploads\/2023\/04\/PraktikusLight-1.jpg\" alt=\"\" width=\"892\" height=\"296\" \/><\/p>\n<blockquote><p><strong>Model Praktikus<\/strong> ni samo prakti\u010den pri shranjevanju (samo 9 cm vi\u0161ine), ampak tudi v uporabi: noge kakor tudi celoten oder so montirani v zelo kratkem \u010dasu.<\/p><\/blockquote>\n<hr \/>\n\n","protected":false},"excerpt":{"rendered":"<p>Oder Praktikus Light Nosilnost odra je 750 kg\/m2- pregledan je s strani TUEV po DIN 1055 in DIN 4112, z varnostnim certifikatom. Velikost posameznega elementa je 100&#215;200 cm, mo\u017ene so tudi velikosti po \u017eeljah stranke. Te\u017ea zna\u0161a 34 kg (z \u017ee vgrajeno talno plo\u0161\u010do za zunanjo in notranjo uporabo). Tako je Praktikus light trenutno najla\u017eji oderski element. Tla odra so [&hellip;]<\/p>\n","protected":false},"author":1,"featured_media":0,"parent":1086,"menu_order":0,"comment_status":"closed","ping_status":"closed","template":"","meta":{"ngg_post_thumbnail":0},"_links":{"self":[{"href":"https:\/\/www.emago.si\/index.php\/wp-json\/wp\/v2\/pages\/1517"}],"collection":[{"href":"https:\/\/www.emago.si\/index.php\/wp-json\/wp\/v2\/pages"}],"about":[{"href":"https:\/\/www.emago.si\/index.php\/wp-json\/wp\/v2\/types\/page"}],"author":[{"embeddable":true,"href":"https:\/\/www.emago.si\/index.php\/wp-json\/wp\/v2\/users\/1"}],"replies":[{"embeddable":true,"href":"https:\/\/www.emago.si\/index.php\/wp-json\/wp\/v2\/comments?post=1517"}],"version-history":[{"count":2,"href":"https:\/\/www.emago.si\/index.php\/wp-json\/wp\/v2\/pages\/1517\/revisions"}],"predecessor-version":[{"id":1569,"href":"https:\/\/www.emago.si\/index.php\/wp-json\/wp\/v2\/pages\/1517\/revisions\/1569"}],"up":[{"embeddable":true,"href":"https:\/\/www.emago.si\/index.php\/wp-json\/wp\/v2\/pages\/1086"}],"wp:attachment":[{"href":"https:\/\/www.emago.si\/index.php\/wp-json\/wp\/v2\/media?parent=1517"}],"curies":[{"name":"wp","href":"https:\/\/api.w.org\/{rel}","templated":true}]}}