{"id":1515,"date":"2023-04-19T10:56:24","date_gmt":"2023-04-19T08:56:24","guid":{"rendered":"https:\/\/www.emago.si\/?page_id=1515"},"modified":"2023-04-19T12:48:55","modified_gmt":"2023-04-19T10:48:55","slug":"mobilni-oder-praktikus","status":"publish","type":"page","link":"https:\/\/www.emago.si\/index.php\/prireditveni-odri\/mobilni-oder-praktikus\/","title":{"rendered":"Mobilni oder Praktikus"},"content":{"rendered":"\n\n\t<h2><img decoding=\"async\" loading=\"lazy\" src=\"https:\/\/www.emago.si\/wp-content\/uploads\/2023\/04\/Praktikus-2.jpg\" alt=\"\" width=\"450\" height=\"185\" \/>Prireditveni mobilni oder Praktikus<\/h2>\n<p><strong>Nosilnost odra je 750 kg\/m2- pregledan je s strani TUEV po DIN 1055 in DIN 4112, z varnostnim certifikatom.<\/strong><\/p>\n<p><strong>Velikost posameznega elementa<\/strong> je 100&#215;200 cm, mo\u017ene so tudi velikosti po \u017eeljah stranke. Te\u017ea zna\u0161a 29,5 kg (brez vgrajene talne plo\u0161\u010de).<\/p>\n<p><strong>Tla odra so izdelana<\/strong> iz lesene lepljene plo\u0161\u010de debeline 21 cm s 5 kratno obdelavo, ki je primerljiva z masivnim lesom, vendar se pri lepljeni plo\u0161\u010di les ne \u0161iri oz. o\u017ei (ne &#8220;dela&#8221;), ker je plo\u0161\u010da sestavljena iz ve\u010dih lesenih letvic.<\/p>\n<p><strong>Obojestransko se nahaja furnir bukve<\/strong> AV 100 lepljen, s spodnje strani \u010dvrsto privit s specialnim aluminjastim ogrodjem.<\/p>\n<p><em>Pod rubriko &#8220;Vrste tal odrov&#8221; najdete tudi drugo najbolj prodajano plo\u0161\u010do in sicer vezano vodoodporno plo\u0161\u010do za zunanjo uporabo, ki je seveda protizdrsno obdelana.<\/em><\/p>\n<p><strong>Konstrukcija<\/strong> je izdelana iz specialnega zaprtega aluminjastega ogrodja brez varjene sredinske podpore.<\/p>\n<p><strong>Vogali<\/strong> so stisnjeni s stabilnimi aluminjastimi kotniki.<\/p>\n<p><strong>Vogalni kotniki<\/strong> se uporabljajo pri teleskopskih nogah z enostavnim in varnim vti\u010dnim sistemom.<\/p>\n<p><strong>Monta\u017ena letev<\/strong> obdaja oder in nudi hitro in enostavno monta\u017eo stopnic, ograje, zastirk&#8230; Zaradi tega ni na odru nobenih \u0161trle\u010dih robov.<\/p>\n<p><strong>Za\u0161\u010dita robov<\/strong> slu\u017ei za talne obloge in skupno z X veznim elementom za spajanje posameznih enot odra zagotavlja povsem ravno povr\u0161ino brez spotikanja \u010detudi so tla, na katere postavimo oder neravna.<\/p>\n<p><img decoding=\"async\" loading=\"lazy\" src=\"https:\/\/www.emago.si\/wp-content\/uploads\/2023\/04\/Praktikus-2a.jpg\" alt=\"\" width=\"893\" height=\"750\" \/><\/p>\n<blockquote><p><strong>Model Praktikus<\/strong> ni samo prakti\u010den pri shranjevanju (samo 9 cm vi\u0161ine), ampak tudi v uporabi: noge kakor tudi celoten oder so montirani v zelo kratkem \u010dasu.<\/p><\/blockquote>\n\n","protected":false},"excerpt":{"rendered":"<p>Prireditveni mobilni oder Praktikus Nosilnost odra je 750 kg\/m2- pregledan je s strani TUEV po DIN 1055 in DIN 4112, z varnostnim certifikatom. Velikost posameznega elementa je 100&#215;200 cm, mo\u017ene so tudi velikosti po \u017eeljah stranke. Te\u017ea zna\u0161a 29,5 kg (brez vgrajene talne plo\u0161\u010de). Tla odra so izdelana iz lesene lepljene plo\u0161\u010de debeline 21 cm s 5 kratno obdelavo, ki [&hellip;]<\/p>\n","protected":false},"author":1,"featured_media":0,"parent":1086,"menu_order":0,"comment_status":"closed","ping_status":"closed","template":"","meta":{"ngg_post_thumbnail":0},"_links":{"self":[{"href":"https:\/\/www.emago.si\/index.php\/wp-json\/wp\/v2\/pages\/1515"}],"collection":[{"href":"https:\/\/www.emago.si\/index.php\/wp-json\/wp\/v2\/pages"}],"about":[{"href":"https:\/\/www.emago.si\/index.php\/wp-json\/wp\/v2\/types\/page"}],"author":[{"embeddable":true,"href":"https:\/\/www.emago.si\/index.php\/wp-json\/wp\/v2\/users\/1"}],"replies":[{"embeddable":true,"href":"https:\/\/www.emago.si\/index.php\/wp-json\/wp\/v2\/comments?post=1515"}],"version-history":[{"count":4,"href":"https:\/\/www.emago.si\/index.php\/wp-json\/wp\/v2\/pages\/1515\/revisions"}],"predecessor-version":[{"id":1570,"href":"https:\/\/www.emago.si\/index.php\/wp-json\/wp\/v2\/pages\/1515\/revisions\/1570"}],"up":[{"embeddable":true,"href":"https:\/\/www.emago.si\/index.php\/wp-json\/wp\/v2\/pages\/1086"}],"wp:attachment":[{"href":"https:\/\/www.emago.si\/index.php\/wp-json\/wp\/v2\/media?parent=1515"}],"curies":[{"name":"wp","href":"https:\/\/api.w.org\/{rel}","templated":true}]}}