{"id":1456,"date":"2023-04-19T09:07:15","date_gmt":"2023-04-19T07:07:15","guid":{"rendered":"https:\/\/www.emago.si\/?page_id=1456"},"modified":"2023-04-19T10:49:22","modified_gmt":"2023-04-19T08:49:22","slug":"posoda-iz-melamina-za-ustanove","status":"publish","type":"page","link":"https:\/\/www.emago.si\/index.php\/krozniki-loncki\/posoda-iz-melamina-za-ustanove\/","title":{"rendered":"Posoda iz melamina <strong>za ustanove<\/strong>"},"content":{"rendered":"\n\n\t<h2><img decoding=\"async\" loading=\"lazy\" src=\"https:\/\/www.emago.si\/wp-content\/uploads\/2023\/04\/100213_OKM_V_R_100-300x200.jpg\" alt=\"\" width=\"400\" height=\"267\" \/>Posoda iz melamina, za ustanove (bela in barvna)<\/h2>\n<p><strong>NOVO!<\/strong> Posodo iz melamina dobavljamo od razli\u010dnih dobaviteljev.<\/p>\n<p>Dobavitelji:<\/p>\n<p>ORNAMIN GmbH &#8211; OKM<\/p>\n<p>OKM stoji za najvi\u0161jo kvaliteto &#8220;Made in Germany&#8221;. Gre za vodilnega proizvajalca z dolgoletno tradicijo, ki sega tja v leto 1955. Njihovi izdelki so visoke kvalitete in dolgotrajni.<\/p>\n<p>Proizvodnjo so uspe\u0161no raz\u0161irili tudi na izdelavo termo posode in specialno oblikovane kro\u017enike in lon\u010dke prilagojene za invalidne osebe.<\/p>\n<p>Gre za visoko kvalitetno posodo iz finega melamina, ki je ni mogo\u010de primerjati z navadno pvc posodo. Iz nje izseva ob\u010dutno vi\u0161ja vrednost, je izredno stabilna in skorajda neuni\u010dljiva.<\/p>\n<p>WACA GmbH<\/p>\n<p>Leta 1921 je ustanovil Heinrich Walch v svojem 22 letu v Carthausn-u v Nem\u010diji podjetje za proizvodnjo porcelana.<\/p>\n<p>Za\u010detki proizvodnje so segali v izdelavo porcelana za doma\u010do elektro industrijo. Leta 1925 je podjetje raz\u0161irilo proizvodnjo na izdelavo pvc artiklov za gospodinjstvo.<\/p>\n<p>1939 so izdelali prvi kro\u017enik iz t.i. materiala bakelit.<\/p>\n<p>Ker je bilo mogo\u010de material obarvati tudi v svetlej\u0161e tone je pri\u010delo podjetje WACA izdelovati materiale iz Duroplasta.<\/p>\n<p>Na voljo so razli\u010dne serije za raznolike potrebe. Novi lon\u010dki iz PBT so posebnost, saj so nelomljivi, vzdr\u017eljivi in kot ostala posoda enostavno pralni v pomivalnem stroju.<\/p>\n<p>J.BLUMER AG<\/p>\n<p>Melaminska posoda <strong>\u0161vicarskega proizvajalca J.Blume<\/strong>r AG- poznana pod za\u0161\u010ditnim znakom ORNAMIN.<\/p>\n<p>Za\u010detki delovanja segajo v leto 1960. Moderna oprema in motivirani delavci omogo\u010dajo izdelavo posode v najkraj\u0161em mo\u017enem \u010dasu.<\/p>\n<p>Melaminska posoda ORNAMIN je zelo kvalitetna, bele barve (le deloma mo\u017ena dobava z barvno obrobo) in primerna za ustanove in serviranje hrane v obratih.<\/p>\n<hr \/>\n\n","protected":false},"excerpt":{"rendered":"<p>Posoda iz melamina, za ustanove (bela in barvna) NOVO! Posodo iz melamina dobavljamo od razli\u010dnih dobaviteljev. Dobavitelji: ORNAMIN GmbH &#8211; OKM OKM stoji za najvi\u0161jo kvaliteto &#8220;Made in Germany&#8221;. Gre za vodilnega proizvajalca z dolgoletno tradicijo, ki sega tja v leto 1955. Njihovi izdelki so visoke kvalitete in dolgotrajni. Proizvodnjo so uspe\u0161no raz\u0161irili tudi na izdelavo termo posode in specialno [&hellip;]<\/p>\n","protected":false},"author":1,"featured_media":0,"parent":1082,"menu_order":0,"comment_status":"closed","ping_status":"closed","template":"","meta":{"ngg_post_thumbnail":0},"_links":{"self":[{"href":"https:\/\/www.emago.si\/index.php\/wp-json\/wp\/v2\/pages\/1456"}],"collection":[{"href":"https:\/\/www.emago.si\/index.php\/wp-json\/wp\/v2\/pages"}],"about":[{"href":"https:\/\/www.emago.si\/index.php\/wp-json\/wp\/v2\/types\/page"}],"author":[{"embeddable":true,"href":"https:\/\/www.emago.si\/index.php\/wp-json\/wp\/v2\/users\/1"}],"replies":[{"embeddable":true,"href":"https:\/\/www.emago.si\/index.php\/wp-json\/wp\/v2\/comments?post=1456"}],"version-history":[{"count":10,"href":"https:\/\/www.emago.si\/index.php\/wp-json\/wp\/v2\/pages\/1456\/revisions"}],"predecessor-version":[{"id":1506,"href":"https:\/\/www.emago.si\/index.php\/wp-json\/wp\/v2\/pages\/1456\/revisions\/1506"}],"up":[{"embeddable":true,"href":"https:\/\/www.emago.si\/index.php\/wp-json\/wp\/v2\/pages\/1082"}],"wp:attachment":[{"href":"https:\/\/www.emago.si\/index.php\/wp-json\/wp\/v2\/media?parent=1456"}],"curies":[{"name":"wp","href":"https:\/\/api.w.org\/{rel}","templated":true}]}}