{"id":1453,"date":"2023-04-19T09:04:08","date_gmt":"2023-04-19T07:04:08","guid":{"rendered":"https:\/\/www.emago.si\/?page_id=1453"},"modified":"2023-04-19T10:50:08","modified_gmt":"2023-04-19T08:50:08","slug":"posoda-iz-melamina-gastro-catering","status":"publish","type":"page","link":"https:\/\/www.emago.si\/index.php\/krozniki-loncki\/posoda-iz-melamina-gastro-catering\/","title":{"rendered":"Posoda iz melamina gastro &amp; catering"},"content":{"rendered":"\n\n\t<h2><img decoding=\"async\" loading=\"lazy\" src=\"https:\/\/www.emago.si\/wp-content\/uploads\/2023\/04\/100213_OKM_V_R_100-300x200.jpg\" alt=\"\" width=\"400\" height=\"267\" \/>Posoda iz melamina gastro &#038; catering<\/h2>\n<strong>NOVO!<\/strong><br \/>\n\n<p>Dobavitelji:<\/p>\n<p>WACA GmbH<\/p>\n<p>Leta 1921 je ustanovil Heinrich Walch v svojem 22 letu v Carthausn-u v Nem\u010diji podjetje za proizvodnjo porcelana.<\/p>\n<p>Za\u010detki proizvodnje so segali v izdelavo porcelana za doma\u010do elektro industrijo. Leta 1925 je podjetje raz\u0161irilo proizvodnjo na izdelavo pvc artiklov za gospodinjstvo.<\/p>\n<p>1939 so izdelali prvi kro\u017enik iz t.i. materiala bakelit.<\/p>\n<p>Ker je bilo mogo\u010de material obarvati tudi v svetlej\u0161e tone je pri\u010delo podjetje WACA izdelovati materiale iz Duroplasta.<\/p>\n<p>Na voljo so razli\u010dne serije za raznolike potrebe. Novi lon\u010dki iz PBT so posebnost, saj so nelomljivi, vzdr\u017eljivi in kot ostala posoda enostavno pralni v pomivalnem stroju.<\/p>\n<hr \/>\n\n","protected":false},"excerpt":{"rendered":"<p>Posoda iz melamina gastro &#038; catering NOVO! Dobavitelji: WACA GmbH Leta 1921 je ustanovil Heinrich Walch v svojem 22 letu v Carthausn-u v Nem\u010diji podjetje za proizvodnjo porcelana. Za\u010detki proizvodnje so segali v izdelavo porcelana za doma\u010do elektro industrijo. Leta 1925 je podjetje raz\u0161irilo proizvodnjo na izdelavo pvc artiklov za gospodinjstvo. 1939 so izdelali prvi kro\u017enik iz t.i. materiala bakelit. [&hellip;]<\/p>\n","protected":false},"author":1,"featured_media":0,"parent":1082,"menu_order":0,"comment_status":"closed","ping_status":"closed","template":"","meta":{"ngg_post_thumbnail":0},"_links":{"self":[{"href":"https:\/\/www.emago.si\/index.php\/wp-json\/wp\/v2\/pages\/1453"}],"collection":[{"href":"https:\/\/www.emago.si\/index.php\/wp-json\/wp\/v2\/pages"}],"about":[{"href":"https:\/\/www.emago.si\/index.php\/wp-json\/wp\/v2\/types\/page"}],"author":[{"embeddable":true,"href":"https:\/\/www.emago.si\/index.php\/wp-json\/wp\/v2\/users\/1"}],"replies":[{"embeddable":true,"href":"https:\/\/www.emago.si\/index.php\/wp-json\/wp\/v2\/comments?post=1453"}],"version-history":[{"count":6,"href":"https:\/\/www.emago.si\/index.php\/wp-json\/wp\/v2\/pages\/1453\/revisions"}],"predecessor-version":[{"id":1507,"href":"https:\/\/www.emago.si\/index.php\/wp-json\/wp\/v2\/pages\/1453\/revisions\/1507"}],"up":[{"embeddable":true,"href":"https:\/\/www.emago.si\/index.php\/wp-json\/wp\/v2\/pages\/1082"}],"wp:attachment":[{"href":"https:\/\/www.emago.si\/index.php\/wp-json\/wp\/v2\/media?parent=1453"}],"curies":[{"name":"wp","href":"https:\/\/api.w.org\/{rel}","templated":true}]}}