{"id":1448,"date":"2023-04-19T08:04:19","date_gmt":"2023-04-19T06:04:19","guid":{"rendered":"https:\/\/www.emago.si\/?page_id=1448"},"modified":"2023-04-19T10:50:50","modified_gmt":"2023-04-19T08:50:50","slug":"posoda-iz-melamina-za-potrebe-v-medicini","status":"publish","type":"page","link":"https:\/\/www.emago.si\/index.php\/krozniki-loncki\/posoda-iz-melamina-za-potrebe-v-medicini\/","title":{"rendered":"Posoda iz melamina za potrebe v medicini"},"content":{"rendered":"\n\n\t<h2><img decoding=\"async\" loading=\"lazy\" src=\"https:\/\/www.emago.si\/wp-content\/uploads\/2023\/04\/100213_OKM_V_L_075-300x200.jpg\" alt=\"\" width=\"401\" height=\"267\" \/>Posoda iz melamina za potrebe v medicini &#8211; WACA<\/h2>\n<p>WACA GmbH<\/p>\n<p>Leta 1921 je ustanovil Heinrich Walch v svojem 22 letu v Carthausn-u v Nem\u010diji podjetje za proizvodnjo porcelana.<\/p>\n<p>Za\u010detki proizvodnje so segali v izdelavo porcelana za doma\u010do elektro industrijo. Leta 1925 je podjetje raz\u0161irilo proizvodnjo na izdelavo pvc artiklov za gospodinjstvo.<\/p>\n<p>1939 so izdelali prvi kro\u017enik iz t.i. materiala bakelit. Ker je bilo mogo\u010de material obarvati tudi v svetlej\u0161e tone je pri\u010delo podjetje WACA izdelovati materiale iz Duroplasta.<\/p>\n<blockquote><p>Specialni izdelki za nego, ambulante, laboratorije in bolni\u0161nice:higienski, funkcionalni, varni in enostavno v pomo\u010d.<\/p><\/blockquote>\n<hr \/>\n\n","protected":false},"excerpt":{"rendered":"<p>Posoda iz melamina za potrebe v medicini &#8211; WACA WACA GmbH Leta 1921 je ustanovil Heinrich Walch v svojem 22 letu v Carthausn-u v Nem\u010diji podjetje za proizvodnjo porcelana. Za\u010detki proizvodnje so segali v izdelavo porcelana za doma\u010do elektro industrijo. Leta 1925 je podjetje raz\u0161irilo proizvodnjo na izdelavo pvc artiklov za gospodinjstvo. 1939 so izdelali prvi kro\u017enik iz t.i. materiala [&hellip;]<\/p>\n","protected":false},"author":1,"featured_media":0,"parent":1082,"menu_order":0,"comment_status":"closed","ping_status":"closed","template":"","meta":{"ngg_post_thumbnail":0},"_links":{"self":[{"href":"https:\/\/www.emago.si\/index.php\/wp-json\/wp\/v2\/pages\/1448"}],"collection":[{"href":"https:\/\/www.emago.si\/index.php\/wp-json\/wp\/v2\/pages"}],"about":[{"href":"https:\/\/www.emago.si\/index.php\/wp-json\/wp\/v2\/types\/page"}],"author":[{"embeddable":true,"href":"https:\/\/www.emago.si\/index.php\/wp-json\/wp\/v2\/users\/1"}],"replies":[{"embeddable":true,"href":"https:\/\/www.emago.si\/index.php\/wp-json\/wp\/v2\/comments?post=1448"}],"version-history":[{"count":8,"href":"https:\/\/www.emago.si\/index.php\/wp-json\/wp\/v2\/pages\/1448\/revisions"}],"predecessor-version":[{"id":1508,"href":"https:\/\/www.emago.si\/index.php\/wp-json\/wp\/v2\/pages\/1448\/revisions\/1508"}],"up":[{"embeddable":true,"href":"https:\/\/www.emago.si\/index.php\/wp-json\/wp\/v2\/pages\/1082"}],"wp:attachment":[{"href":"https:\/\/www.emago.si\/index.php\/wp-json\/wp\/v2\/media?parent=1448"}],"curies":[{"name":"wp","href":"https:\/\/api.w.org\/{rel}","templated":true}]}}