{"id":1436,"date":"2023-04-18T21:32:02","date_gmt":"2023-04-18T19:32:02","guid":{"rendered":"https:\/\/www.emago.si\/?page_id=1436"},"modified":"2023-04-19T10:51:28","modified_gmt":"2023-04-19T08:51:28","slug":"posoda-in-jedilni-pribor","status":"publish","type":"page","link":"https:\/\/www.emago.si\/index.php\/krozniki-loncki\/posoda-in-jedilni-pribor\/","title":{"rendered":"Posoda in jedilni pribor"},"content":{"rendered":"\n\n\t<p>Posoda in jedilni pribor<\/p>\n<hr \/>\n<p>CONTACTO GmbH<\/p>\n<p><strong>Podjetje CONTACTO<\/strong> je proizvajalec in distributer visoko kvalitetne posode iz nerjave\u010dega oplemenitenega jekla za profesionalno gastronomijo in druga podro\u010dja.<\/p>\n<p>Contacto je leta 1958 ustanovljena nem\u0161ka podru\u017enica \u0161vedskega proizvajalca kuhalnih loncev OLOFSTROEM, ki je razvilo CONTACT-postopek za zdru\u017eitev posebnega aluminijastega dna z lonci iz oplemenitenega jekla iz &#8220;Schwedenstahl&#8221;-kvalitete 18\/10.<\/p>\n<p>Postopek je bil patentiran. Na pobudo \u0161vedske kraljeve hi\u0161e si je blagovno ime pridobilo najvi\u0161je priznanje in nagrado in se sme pona\u0161ati s krono v nazivu blagovne znamke.<\/p>\n<hr \/>\n<p><strong>V katalogu<\/strong> <strong>lahko izbirate produkte<\/strong> po naslednjih podro\u010djih:<\/p>\n<ul>\n<li><strong>posoda za kuhanje<\/strong><\/li>\n<li><strong>gastronorm-sistem<\/strong><\/li>\n<li><strong>transport jedi<\/strong><\/li>\n<li><strong>termo sistem<\/strong><\/li>\n<li><strong>obdelava jedi<\/strong><\/li>\n<li><strong>pripomo\u010dki za peko<\/strong><\/li>\n<li><strong>vse za rezanje<\/strong><\/li>\n<li><strong>namizno serviranje<\/strong><\/li>\n<li><strong>oprema za bar<\/strong><\/li>\n<li><strong>jedilni pribor<\/strong><\/li>\n<li><strong>pomivanje<\/strong><\/li>\n<\/ul>\n<hr \/>\n\n","protected":false},"excerpt":{"rendered":"<p>Posoda in jedilni pribor CONTACTO GmbH Podjetje CONTACTO je proizvajalec in distributer visoko kvalitetne posode iz nerjave\u010dega oplemenitenega jekla za profesionalno gastronomijo in druga podro\u010dja. Contacto je leta 1958 ustanovljena nem\u0161ka podru\u017enica \u0161vedskega proizvajalca kuhalnih loncev OLOFSTROEM, ki je razvilo CONTACT-postopek za zdru\u017eitev posebnega aluminijastega dna z lonci iz oplemenitenega jekla iz &#8220;Schwedenstahl&#8221;-kvalitete 18\/10. Postopek je bil patentiran. Na pobudo [&hellip;]<\/p>\n","protected":false},"author":1,"featured_media":0,"parent":1082,"menu_order":0,"comment_status":"closed","ping_status":"closed","template":"","meta":{"ngg_post_thumbnail":0},"_links":{"self":[{"href":"https:\/\/www.emago.si\/index.php\/wp-json\/wp\/v2\/pages\/1436"}],"collection":[{"href":"https:\/\/www.emago.si\/index.php\/wp-json\/wp\/v2\/pages"}],"about":[{"href":"https:\/\/www.emago.si\/index.php\/wp-json\/wp\/v2\/types\/page"}],"author":[{"embeddable":true,"href":"https:\/\/www.emago.si\/index.php\/wp-json\/wp\/v2\/users\/1"}],"replies":[{"embeddable":true,"href":"https:\/\/www.emago.si\/index.php\/wp-json\/wp\/v2\/comments?post=1436"}],"version-history":[{"count":8,"href":"https:\/\/www.emago.si\/index.php\/wp-json\/wp\/v2\/pages\/1436\/revisions"}],"predecessor-version":[{"id":1509,"href":"https:\/\/www.emago.si\/index.php\/wp-json\/wp\/v2\/pages\/1436\/revisions\/1509"}],"up":[{"embeddable":true,"href":"https:\/\/www.emago.si\/index.php\/wp-json\/wp\/v2\/pages\/1082"}],"wp:attachment":[{"href":"https:\/\/www.emago.si\/index.php\/wp-json\/wp\/v2\/media?parent=1436"}],"curies":[{"name":"wp","href":"https:\/\/api.w.org\/{rel}","templated":true}]}}