{"id":1111,"date":"2023-03-26T07:36:51","date_gmt":"2023-03-26T05:36:51","guid":{"rendered":"https:\/\/www.emago.si\/?page_id=1111"},"modified":"2023-03-26T14:33:26","modified_gmt":"2023-03-26T12:33:26","slug":"pomen-snoezelen","status":"publish","type":"page","link":"https:\/\/www.emago.si\/index.php\/snoezelen\/pomen-snoezelen\/","title":{"rendered":"Pomen Snoezelen"},"content":{"rendered":"\n\n\t<p>Beseda<strong> &#8220;snoezelen&#8221;<\/strong> kakor tudi za\u010detki terapije <strong>izhajajo iz Nizozemske<\/strong>, kjer so jo prvotno uporabljali v ustanovah s te\u017eje du\u0161evno prizadetimi ljudmi.<\/p>\n<p>Zajema vsa \u010dutna podro\u010dja zaznavanja: <strong>vid, okus, vonj, sluh in otip.<\/strong><\/p>\n<p><img decoding=\"async\" loading=\"lazy\" src=\"https:\/\/www.emago.si\/wp-content\/uploads\/2023\/03\/014-300x281.png\" alt=\"\" width=\"300\" height=\"281\" \/><strong>&#8220;Snoezelen&#8221;<\/strong> se izvaja v sobi, ki je zatemnjena in oddaljena od vsakdanjega hrupa in drugih mote\u010dih virov.<\/p>\n<p><strong>Najprimernej\u0161a je bela soba z malo opreme<\/strong>, ki je kljub temu udobna in prijetna, ker kar povabi obiskovalca, da pozabi vsakdanje skrbi in v udobnem telesnem polo\u017eaju najde du\u0161evni mir in sprostitev.<\/p>\n<p>Rahla <strong>svetloba poudari prijetno atmosfero<\/strong>. Ker je soba in pohi\u0161tvo v beli-ali be\u017e barvi je mogo\u010de z svetlobnimi viri projecirati na steno razli\u010dne svetlobne igre, ki povedejo obiskovalca na pot individualnih asociacij in spominov, katere lahko primerjamo s sanjami.<\/p>\n<p>Natan\u010dno izbrana ne\u017ena glasba in preko terapevta oz. vzgojitelja ali spremljevalca podana fantazijska potovanja vzpodbujajo celotno do\u017eivetje.<\/p>\n<blockquote>\n<p>Razli\u010dni materiali za vzpodbujanje \u010dutnih zaznav spremenijo in dopolnjujejo sprostitvene urice.<\/p>\n<\/blockquote>\n\t<p>Pomembno je, da se udele\u017eenec po lastni volji odlo\u010di za sprostitev in, da se mu pri tem ni potrebno dokazovati.<\/p>\n<p>To pomeni: narediti ni potrebno prav ni\u010desar, prav tako je vse dovoljeno. Obstaja le eno in edino pravilo: da lahko vsi v sobi najdejo svojo sprostitev, se ne sme motiti drugih!<\/p>\n<p>Potrebno je paziti, da na udele\u017eence ne vpliva preve\u010d \u010dutnih dra\u017eljajev, kakor tudi ne dolgo\u010dasje, ki nastane z uporabo vedno istih materialov za \u010dutno zaznavanje.<\/p>\n<p>&#8220;Snoezelen&#8221; ura se pripravi in izvaja v odvisnosti od starosti in potreb obiskovalcev. Prav tako je pomembno, da spremljevalec pozna lastnosti tehni\u010dnih naprav, kakor tudi vpliv posameznih materialov. Pri tem je velikega pomena opazovanje vsakega posameznega obiskovalca in vpliva posameznih materialov na njih.<\/p>\n<p>&#8220;Snoezelen&#8221; se uporablja na pedago\u0161kem podro\u010dju kot npr. v vrtcih s ciljem, da se s sprostitvijo dose\u017ee ve\u010dja pozornost oz. se enostavno nudi sprostitveni odmor. V \u0161olah je &#8220;snoezelen&#8221; odli\u010dna metoda za odpravo stresnega po\u010dutja, pritiskov zaradi nedose\u017eenih dose\u017ekov, za zmanj\u0161evanje agresivnega vedenja&#8230;<\/p>\n<p><strong>Zakaj &#8220;snoezelen&#8221; pri otrocih?<\/strong><\/p>\n<p>Zaradi prevelikega \u0161tevila zunanjih dra\u017eljajev ne trpijo samo ljudje z du\u0161evno prizadetostjo. Nih\u010de ne more predelati mno\u017eico informacij in \u010dutnih dra\u017eljajev, ki vsakodnevno vplivajo na pozameznika.<\/p>\n<p>Hiter tempo \u017eivljenja nam pri tem ne dopu\u0161\u010da \u010dasa za sprostitev. Otroci reagirajo pogosto s simptomi, kot so nezmo\u017enost koncentracije, hiperaktivnost, nervoza in agresivno vedenje.<\/p>\n<p>Zaradi tega so potrebne igre za sprostitev in senzibiliziranje \u010dutil. Soba &#8220;snoezelen&#8221; deluje na otroke kot rov, ki ga otroci radi gradijo in, ki jim z odejami pokrit nudi nekak\u0161no zavetje in ob\u010dutek varnosti.<\/p>\n<p>Zaradi posebne opreme Snoezelen soba nudi to varnost, ki privede do sprostitve.<\/p>\n<p>Vzporedno povabi dodatna ponudba materialov za \u010dutila, naj bodo to svetlobni dodatki, ne\u017ena glasba z naravnimi zvoki ali izbran samostojno pripravljen vonj iz narave na sprehod z \u010dutnimi zaznavanji.<\/p>\n<p>Zaposlitev z razli\u010dnimi materiali privede do globoke sprostitve in lagodnega ob\u010dutka. Zaradi manj\u0161ega \u0161tevila \u010dutnih dra\u017eljajev se le ti do\u017eivijo intenzivneje. Nasploh se po\u010dutijo otroci po 30 do 40 minutnem bivanju v &#8220;snoezelen&#8221; sobi spo\u010diti, spro\u0161\u010deni in neobremenjeni.<\/p>\n<p>Zmo\u017enost dojemanja novih informacij je regenerirana, \u0161olsko gradivo je hitreje dojemljivo, u\u010dne blokade so spro\u0161\u010dene, pridobi se na socialnih odnosih, pove\u010da se kreativnost, sprostitev vpliva na nastanek novih idej.<\/p>\n\n","protected":false},"excerpt":{"rendered":"<p>Beseda &#8220;snoezelen&#8221; kakor tudi za\u010detki terapije izhajajo iz Nizozemske, kjer so jo prvotno uporabljali v ustanovah s te\u017eje du\u0161evno prizadetimi ljudmi. Zajema vsa \u010dutna podro\u010dja zaznavanja: vid, okus, vonj, sluh in otip. &#8220;Snoezelen&#8221; se izvaja v sobi, ki je zatemnjena in oddaljena od vsakdanjega hrupa in drugih mote\u010dih virov. Najprimernej\u0161a je bela soba z malo opreme, ki je kljub temu [&hellip;]<\/p>\n","protected":false},"author":1,"featured_media":0,"parent":1078,"menu_order":0,"comment_status":"closed","ping_status":"closed","template":"","meta":{"ngg_post_thumbnail":0},"_links":{"self":[{"href":"https:\/\/www.emago.si\/index.php\/wp-json\/wp\/v2\/pages\/1111"}],"collection":[{"href":"https:\/\/www.emago.si\/index.php\/wp-json\/wp\/v2\/pages"}],"about":[{"href":"https:\/\/www.emago.si\/index.php\/wp-json\/wp\/v2\/types\/page"}],"author":[{"embeddable":true,"href":"https:\/\/www.emago.si\/index.php\/wp-json\/wp\/v2\/users\/1"}],"replies":[{"embeddable":true,"href":"https:\/\/www.emago.si\/index.php\/wp-json\/wp\/v2\/comments?post=1111"}],"version-history":[{"count":11,"href":"https:\/\/www.emago.si\/index.php\/wp-json\/wp\/v2\/pages\/1111\/revisions"}],"predecessor-version":[{"id":1288,"href":"https:\/\/www.emago.si\/index.php\/wp-json\/wp\/v2\/pages\/1111\/revisions\/1288"}],"up":[{"embeddable":true,"href":"https:\/\/www.emago.si\/index.php\/wp-json\/wp\/v2\/pages\/1078"}],"wp:attachment":[{"href":"https:\/\/www.emago.si\/index.php\/wp-json\/wp\/v2\/media?parent=1111"}],"curies":[{"name":"wp","href":"https:\/\/api.w.org\/{rel}","templated":true}]}}