{"id":1086,"date":"2023-03-22T17:13:58","date_gmt":"2023-03-22T16:13:58","guid":{"rendered":"https:\/\/www.emago.si\/?page_id=1086"},"modified":"2023-04-19T12:00:50","modified_gmt":"2023-04-19T10:00:50","slug":"prireditveni-odri","status":"publish","type":"page","link":"https:\/\/www.emago.si\/index.php\/prireditveni-odri\/","title":{"rendered":"Prireditveni\u00a0odri"},"content":{"rendered":"\n\n\t<p><img decoding=\"async\" loading=\"lazy\" src=\"https:\/\/www.emago.si\/wp-content\/uploads\/2023\/04\/mob-oder.jpg\" alt=\"\" width=\"450\" height=\"312\" \/><strong>Prireditveni odri, ki se pona\u0161ajo z enostavno in zelo hitro monta\u017eo, so mobilni, vzdr\u017eljivi, stabilni in cenovno ugodni.<\/strong><\/p>\n<p><strong>MOTT GmbH<\/strong><\/p>\n<p>Izdelovalec celotnega programa je <strong>podjetje Mott GmbH iz Nem\u010dije<\/strong>, ki proizvaja kakovostno blagovno znamko razli\u010dnih mobilnih odrov. Za\u010detki delovanja podjetja Mott GmbH segajo v leto 1920, ko je Karl Mott ustanovil takratno mehani\u010dno delavnico. 1952 se je pri\u010dela proizvodnja mobilnih odrov.<\/p>\n<p>Podjetje je zraslo <strong>v vodilno proizvodno podjetje<\/strong> s tega podro\u010dja.<\/p>\n<p><strong>Najve\u010dja pozornost<\/strong> pri razvijanju je posve\u010dena varnosti izdelka, zato so vsi odri pregledani s strani TUEV s plaketo GS, ter tako ustrezaju vsem varnostnim normativom.<\/p>\n<p>Odri imajo nosilnost <strong>750 kg\/m2 (po \u017eelji tudi ve\u010d)<\/strong> in s tem nudijo varna tla pod nogami.<\/p>\n<p>Mobilni prireditveni odri so <strong>primerni<\/strong> <strong>za zunanjo ali notranjo uporabo<\/strong> (odvisno od vrste talne plo\u0161\u010de).<\/p>\n<p><strong>Teleskopske noge<\/strong> z enostavnim in varnim vti\u010dnim sistemom so nastavljive na vsakih 5 cm ali brezstopenjsko.<\/p>\n<p>Na voljo so tudi razli\u010dne razli\u010dice vti\u010dnih nog z fiksnimi vi\u0161inami. S tem se lahko povsem prilagodimo va\u0161im individualnim potrebam!<\/p>\n<blockquote><p><strong>Nadalje vam nudimo k odrom<\/strong> primerne mobilne kulise s stojali, ki so nastavljive po vi\u0161ini z zavesami iz trajno te\u017eko vnetljivega materiala TREVIRA CS.<\/p><\/blockquote>\n<p>Tako boste enostavno in hitro poskrbeli za profesionalen izgled va\u0161e prireditvene kulise.<\/p>\n<hr \/>\n<p><em>Na va\u0161o povpra\u0161evanje vam z veseljem <strong>izdelamo individualno ponudbo<\/strong> po va\u0161ih \u017eeljah in potrebah.<\/em><\/p>\n<hr \/>\n\n","protected":false},"excerpt":{"rendered":"<p>Prireditveni odri, ki se pona\u0161ajo z enostavno in zelo hitro monta\u017eo, so mobilni, vzdr\u017eljivi, stabilni in cenovno ugodni. MOTT GmbH Izdelovalec celotnega programa je podjetje Mott GmbH iz Nem\u010dije, ki proizvaja kakovostno blagovno znamko razli\u010dnih mobilnih odrov. Za\u010detki delovanja podjetja Mott GmbH segajo v leto 1920, ko je Karl Mott ustanovil takratno mehani\u010dno delavnico. 1952 se je pri\u010dela proizvodnja mobilnih [&hellip;]<\/p>\n","protected":false},"author":1,"featured_media":0,"parent":0,"menu_order":0,"comment_status":"closed","ping_status":"closed","template":"","meta":{"ngg_post_thumbnail":0},"_links":{"self":[{"href":"https:\/\/www.emago.si\/index.php\/wp-json\/wp\/v2\/pages\/1086"}],"collection":[{"href":"https:\/\/www.emago.si\/index.php\/wp-json\/wp\/v2\/pages"}],"about":[{"href":"https:\/\/www.emago.si\/index.php\/wp-json\/wp\/v2\/types\/page"}],"author":[{"embeddable":true,"href":"https:\/\/www.emago.si\/index.php\/wp-json\/wp\/v2\/users\/1"}],"replies":[{"embeddable":true,"href":"https:\/\/www.emago.si\/index.php\/wp-json\/wp\/v2\/comments?post=1086"}],"version-history":[{"count":14,"href":"https:\/\/www.emago.si\/index.php\/wp-json\/wp\/v2\/pages\/1086\/revisions"}],"predecessor-version":[{"id":1563,"href":"https:\/\/www.emago.si\/index.php\/wp-json\/wp\/v2\/pages\/1086\/revisions\/1563"}],"wp:attachment":[{"href":"https:\/\/www.emago.si\/index.php\/wp-json\/wp\/v2\/media?parent=1086"}],"curies":[{"name":"wp","href":"https:\/\/api.w.org\/{rel}","templated":true}]}}